{"id":179583,"date":"2025-10-27T15:24:52","date_gmt":"2025-10-27T14:24:52","guid":{"rendered":"https:\/\/shop.moldbrotherspastry.com\/?post_type=product&#038;p=179583"},"modified":"2026-02-26T08:04:27","modified_gmt":"2026-02-26T07:04:27","slug":"santa-claus-singular-full-tray-35-pcs","status":"publish","type":"product","link":"http:\/\/shop.moldbrotherspastry.com\/de\/produkt\/santa-claus-singular-full-tray-35-pcs\/","title":{"rendered":"Weihnachtsmann Singular - Volles Tablett (35 St\u00fcck)"},"content":{"rendered":"","protected":false},"excerpt":{"rendered":"<p>Eine hochwertige Silikonform in Form des Weihnachtsmanns. Die Form hat eine einzige Form und ist aus lebensmittelechtem Silikon 100% hergestellt.<\/p>\n<p>Diese Form kann Temperaturen von -40\u00b0C bis +200\u00b0C standhalten und ist somit sowohl f\u00fcr den Einsatz in (Schock-)Gefrierschr\u00e4nken als auch in \u00d6fen geeignet.<\/p>","protected":false},"featured_media":179584,"template":"","meta":{"_seopress_robots_primary_cat":"none","_seopress_titles_title":"","_seopress_titles_desc":"","_seopress_robots_index":""},"product_brand":[],"product_cat":[159,231],"product_tag":[],"class_list":{"0":"post-179583","1":"product","2":"type-product","3":"status-publish","4":"has-post-thumbnail","6":"product_cat-singulars","7":"product_cat-hidden","9":"first","10":"instock","11":"sale","12":"taxable","13":"shipping-taxable","14":"purchasable","15":"product-type-simple"},"_links":{"self":[{"href":"http:\/\/shop.moldbrotherspastry.com\/de\/wp-json\/wp\/v2\/product\/179583","targetHints":{"allow":["GET"]}}],"collection":[{"href":"http:\/\/shop.moldbrotherspastry.com\/de\/wp-json\/wp\/v2\/product"}],"about":[{"href":"http:\/\/shop.moldbrotherspastry.com\/de\/wp-json\/wp\/v2\/types\/product"}],"wp:featuredmedia":[{"embeddable":true,"href":"http:\/\/shop.moldbrotherspastry.com\/de\/wp-json\/wp\/v2\/media\/179584"}],"wp:attachment":[{"href":"http:\/\/shop.moldbrotherspastry.com\/de\/wp-json\/wp\/v2\/media?parent=179583"}],"wp:term":[{"taxonomy":"product_brand","embeddable":true,"href":"http:\/\/shop.moldbrotherspastry.com\/de\/wp-json\/wp\/v2\/product_brand?post=179583"},{"taxonomy":"product_cat","embeddable":true,"href":"http:\/\/shop.moldbrotherspastry.com\/de\/wp-json\/wp\/v2\/product_cat?post=179583"},{"taxonomy":"product_tag","embeddable":true,"href":"http:\/\/shop.moldbrotherspastry.com\/de\/wp-json\/wp\/v2\/product_tag?post=179583"}],"curies":[{"name":"wp","href":"https:\/\/api.w.org\/{rel}","templated":true}]}}