{"id":179601,"date":"2025-10-27T16:04:31","date_gmt":"2025-10-27T15:04:31","guid":{"rendered":"https:\/\/shop.moldbrotherspastry.com\/?post_type=product&#038;p=179601"},"modified":"2025-10-27T16:08:58","modified_gmt":"2025-10-27T15:08:58","slug":"christmas-tree-buche-full-tray-6-pcs","status":"publish","type":"product","link":"http:\/\/shop.moldbrotherspastry.com\/de\/produkt\/christmas-tree-buche-full-tray-6-pcs\/","title":{"rendered":"Christmas Tree B\u00fbche &#8211; Full Tray (6 pcs)"},"content":{"rendered":"","protected":false},"excerpt":{"rendered":"<p>Diese hochwertige Silikonform ist perfekt f\u00fcr die Herstellung einer B\u00fbche f\u00fcr sechs bis acht Personen in Form eines abstrakten Weihnachtsbaums. Sie besteht aus lebensmittelechtem Silikon 100% und ist sowohl f\u00fcr den Backofen als auch f\u00fcr den Schnellk\u00fchler geeignet und kann Temperaturen von -40\u00b0C bis +200\u00b0C standhalten.<\/p>","protected":false},"featured_media":179591,"template":"","meta":{"_seopress_robots_primary_cat":"none","_seopress_titles_title":"","_seopress_titles_desc":"","_seopress_robots_index":""},"product_brand":[],"product_cat":[192,231],"product_tag":[504,500],"class_list":{"0":"post-179601","1":"product","2":"type-product","3":"status-publish","4":"has-post-thumbnail","6":"product_cat-buche","7":"product_cat-hidden","8":"product_tag-christmas","9":"product_tag-winter","11":"first","12":"instock","13":"sale","14":"taxable","15":"shipping-taxable","16":"purchasable","17":"product-type-simple"},"_links":{"self":[{"href":"http:\/\/shop.moldbrotherspastry.com\/de\/wp-json\/wp\/v2\/product\/179601","targetHints":{"allow":["GET"]}}],"collection":[{"href":"http:\/\/shop.moldbrotherspastry.com\/de\/wp-json\/wp\/v2\/product"}],"about":[{"href":"http:\/\/shop.moldbrotherspastry.com\/de\/wp-json\/wp\/v2\/types\/product"}],"wp:featuredmedia":[{"embeddable":true,"href":"http:\/\/shop.moldbrotherspastry.com\/de\/wp-json\/wp\/v2\/media\/179591"}],"wp:attachment":[{"href":"http:\/\/shop.moldbrotherspastry.com\/de\/wp-json\/wp\/v2\/media?parent=179601"}],"wp:term":[{"taxonomy":"product_brand","embeddable":true,"href":"http:\/\/shop.moldbrotherspastry.com\/de\/wp-json\/wp\/v2\/product_brand?post=179601"},{"taxonomy":"product_cat","embeddable":true,"href":"http:\/\/shop.moldbrotherspastry.com\/de\/wp-json\/wp\/v2\/product_cat?post=179601"},{"taxonomy":"product_tag","embeddable":true,"href":"http:\/\/shop.moldbrotherspastry.com\/de\/wp-json\/wp\/v2\/product_tag?post=179601"}],"curies":[{"name":"wp","href":"https:\/\/api.w.org\/{rel}","templated":true}]}}