{"id":187946,"date":"2026-03-03T15:47:58","date_gmt":"2026-03-03T14:47:58","guid":{"rendered":"https:\/\/shop.moldbrotherspastry.com\/?post_type=product&#038;p=187946"},"modified":"2026-03-03T15:56:34","modified_gmt":"2026-03-03T14:56:34","slug":"easter-cake-set-full-tray-6-pcs","status":"publish","type":"product","link":"http:\/\/shop.moldbrotherspastry.com\/de\/produkt\/easter-cake-set-full-tray-6-pcs\/","title":{"rendered":"Egg Cake Set &#8211; Full Tray (6 pcs.)"},"content":{"rendered":"","protected":false},"excerpt":{"rendered":"<p>Eine hochwertige Silikonform mit der Form eines abstrakten Eies in Kombination mit einem realistischen Ei, die perfekte Form f\u00fcr das Osterfest. Die Form verf\u00fcgt \u00fcber einen einzigen Hohlraum und ist aus lebensmittelechtem Silikon 100% hergestellt.<\/p>\n<p>Diese Form kann Temperaturen von -40\u00b0C bis +200\u00b0C standhalten und ist somit sowohl f\u00fcr den Einsatz in (Schock-)Gefrierschr\u00e4nken als auch in \u00d6fen geeignet.<\/p>","protected":false},"featured_media":187933,"template":"","meta":{"_seopress_robots_primary_cat":"none","_seopress_titles_title":"","_seopress_titles_desc":"","_seopress_robots_index":""},"product_brand":[],"product_cat":[170,231],"product_tag":[],"class_list":{"0":"post-187946","1":"product","2":"type-product","3":"status-publish","4":"has-post-thumbnail","6":"product_cat-cakes","7":"product_cat-hidden","9":"first","10":"instock","11":"sale","12":"taxable","13":"shipping-taxable","14":"purchasable","15":"product-type-simple"},"_links":{"self":[{"href":"http:\/\/shop.moldbrotherspastry.com\/de\/wp-json\/wp\/v2\/product\/187946","targetHints":{"allow":["GET"]}}],"collection":[{"href":"http:\/\/shop.moldbrotherspastry.com\/de\/wp-json\/wp\/v2\/product"}],"about":[{"href":"http:\/\/shop.moldbrotherspastry.com\/de\/wp-json\/wp\/v2\/types\/product"}],"wp:featuredmedia":[{"embeddable":true,"href":"http:\/\/shop.moldbrotherspastry.com\/de\/wp-json\/wp\/v2\/media\/187933"}],"wp:attachment":[{"href":"http:\/\/shop.moldbrotherspastry.com\/de\/wp-json\/wp\/v2\/media?parent=187946"}],"wp:term":[{"taxonomy":"product_brand","embeddable":true,"href":"http:\/\/shop.moldbrotherspastry.com\/de\/wp-json\/wp\/v2\/product_brand?post=187946"},{"taxonomy":"product_cat","embeddable":true,"href":"http:\/\/shop.moldbrotherspastry.com\/de\/wp-json\/wp\/v2\/product_cat?post=187946"},{"taxonomy":"product_tag","embeddable":true,"href":"http:\/\/shop.moldbrotherspastry.com\/de\/wp-json\/wp\/v2\/product_tag?post=187946"}],"curies":[{"name":"wp","href":"https:\/\/api.w.org\/{rel}","templated":true}]}}