{"id":188990,"date":"2026-03-18T10:21:17","date_gmt":"2026-03-18T09:21:17","guid":{"rendered":"https:\/\/shop.moldbrotherspastry.com\/?post_type=product&#038;p=188990"},"modified":"2026-03-18T10:21:18","modified_gmt":"2026-03-18T09:21:18","slug":"layer-frame-extension-pins-4x","status":"publish","type":"product","link":"http:\/\/shop.moldbrotherspastry.com\/es\/producto\/layer-frame-extension-pins-4x\/","title":{"rendered":"Layer Frame &#8211; Extension Pins 4x"},"content":{"rendered":"","protected":false},"excerpt":{"rendered":"<p>Un kit de marcos s\u00f3lido y de alta calidad dise\u00f1ado para creaciones en capas como mantequilla, ganache, marbr\u00e9, p\u00e2te de fruit y mucho m\u00e1s. Se empieza con la base y luego se a\u00f1aden uno o varios marcos para crear capas ordenadas y uniformes. Es f\u00e1cil de usar y tiene un aspecto estupendo, por lo que es perfecto para cualquiera que desee que su trabajo tenga un sabor y un aspecto de primera.<\/p>","protected":false},"featured_media":188976,"template":"","meta":{"_seopress_robots_primary_cat":"","_seopress_titles_title":"","_seopress_titles_desc":"","_seopress_robots_index":""},"product_brand":[],"product_cat":[880,231],"product_tag":[],"class_list":{"0":"post-188990","1":"product","2":"type-product","3":"status-publish","4":"has-post-thumbnail","6":"product_cat-tools","7":"product_cat-hidden","9":"first","10":"instock","11":"taxable","12":"shipping-taxable","13":"purchasable","14":"product-type-simple"},"_links":{"self":[{"href":"http:\/\/shop.moldbrotherspastry.com\/es\/wp-json\/wp\/v2\/product\/188990","targetHints":{"allow":["GET"]}}],"collection":[{"href":"http:\/\/shop.moldbrotherspastry.com\/es\/wp-json\/wp\/v2\/product"}],"about":[{"href":"http:\/\/shop.moldbrotherspastry.com\/es\/wp-json\/wp\/v2\/types\/product"}],"wp:featuredmedia":[{"embeddable":true,"href":"http:\/\/shop.moldbrotherspastry.com\/es\/wp-json\/wp\/v2\/media\/188976"}],"wp:attachment":[{"href":"http:\/\/shop.moldbrotherspastry.com\/es\/wp-json\/wp\/v2\/media?parent=188990"}],"wp:term":[{"taxonomy":"product_brand","embeddable":true,"href":"http:\/\/shop.moldbrotherspastry.com\/es\/wp-json\/wp\/v2\/product_brand?post=188990"},{"taxonomy":"product_cat","embeddable":true,"href":"http:\/\/shop.moldbrotherspastry.com\/es\/wp-json\/wp\/v2\/product_cat?post=188990"},{"taxonomy":"product_tag","embeddable":true,"href":"http:\/\/shop.moldbrotherspastry.com\/es\/wp-json\/wp\/v2\/product_tag?post=188990"}],"curies":[{"name":"wp","href":"https:\/\/api.w.org\/{rel}","templated":true}]}}