{"id":163054,"date":"2024-10-17T14:41:00","date_gmt":"2024-10-17T12:41:00","guid":{"rendered":"https:\/\/shop.moldbrotherspastry.com\/?post_type=product&#038;p=163054"},"modified":"2024-11-07T16:04:43","modified_gmt":"2024-11-07T15:04:43","slug":"quadra-buche-molds","status":"publish","type":"product","link":"http:\/\/shop.moldbrotherspastry.com\/fr\/produit\/quadra-buche-molds\/","title":{"rendered":"Quadra B\u00fbche Molds"},"content":{"rendered":"","protected":false},"excerpt":{"rendered":"<p>Ce moule en silicone de haute qualit\u00e9 est parfait pour r\u00e9aliser une b\u00fbche pour huit personnes, en forme de g\u00e2teau \u00e0 \u00e9tages. Fabriqu\u00e9 en silicone alimentaire 100%, il convient aussi bien au four qu'au r\u00e9frig\u00e9rateur \u00e0 air puls\u00e9, et supporte des temp\u00e9ratures allant de -40\u00b0C \u00e0 +200\u00b0C.<\/p>","protected":false},"featured_media":162860,"template":"","meta":{"_seopress_robots_primary_cat":"none","_seopress_titles_title":"","_seopress_titles_desc":"","_seopress_robots_index":""},"product_brand":[],"product_cat":[192],"product_tag":[],"class_list":{"0":"post-163054","1":"product","2":"type-product","3":"status-publish","4":"has-post-thumbnail","6":"product_cat-buche","8":"first","9":"instock","10":"sale","11":"taxable","12":"shipping-taxable","13":"product-type-grouped"},"_links":{"self":[{"href":"http:\/\/shop.moldbrotherspastry.com\/fr\/wp-json\/wp\/v2\/product\/163054","targetHints":{"allow":["GET"]}}],"collection":[{"href":"http:\/\/shop.moldbrotherspastry.com\/fr\/wp-json\/wp\/v2\/product"}],"about":[{"href":"http:\/\/shop.moldbrotherspastry.com\/fr\/wp-json\/wp\/v2\/types\/product"}],"wp:featuredmedia":[{"embeddable":true,"href":"http:\/\/shop.moldbrotherspastry.com\/fr\/wp-json\/wp\/v2\/media\/162860"}],"wp:attachment":[{"href":"http:\/\/shop.moldbrotherspastry.com\/fr\/wp-json\/wp\/v2\/media?parent=163054"}],"wp:term":[{"taxonomy":"product_brand","embeddable":true,"href":"http:\/\/shop.moldbrotherspastry.com\/fr\/wp-json\/wp\/v2\/product_brand?post=163054"},{"taxonomy":"product_cat","embeddable":true,"href":"http:\/\/shop.moldbrotherspastry.com\/fr\/wp-json\/wp\/v2\/product_cat?post=163054"},{"taxonomy":"product_tag","embeddable":true,"href":"http:\/\/shop.moldbrotherspastry.com\/fr\/wp-json\/wp\/v2\/product_tag?post=163054"}],"curies":[{"name":"wp","href":"https:\/\/api.w.org\/{rel}","templated":true}]}}