{"id":184986,"date":"2026-01-14T10:53:50","date_gmt":"2026-01-14T09:53:50","guid":{"rendered":"https:\/\/shop.moldbrotherspastry.com\/?post_type=product&#038;p=184986"},"modified":"2026-02-24T08:40:24","modified_gmt":"2026-02-24T07:40:24","slug":"pain-au-chocolate-stick-molds","status":"publish","type":"product","link":"http:\/\/shop.moldbrotherspastry.com\/fr\/produit\/pain-au-chocolate-stick-molds\/","title":{"rendered":"B\u00e2ton de pain au chocolat Molds"},"content":{"rendered":"","protected":false},"excerpt":{"rendered":"<p>Moules en silicone de haute qualit\u00e9 con\u00e7us pour la fabrication <em>b\u00e2tonnets de pain au chocolat<\/em>, Le moule est disponible en taille normale et en taille maxi, de 7 \u00e0 9 cm. Le moule comporte 13 cavit\u00e9s et est fabriqu\u00e9 \u00e0 100 % en silicone de qualit\u00e9 alimentaire.<\/p>\n<p>Il r\u00e9siste \u00e0 des temp\u00e9ratures allant de -40\u00b0C \u00e0 +200\u00b0C, ce qui permet de l'utiliser dans des cong\u00e9lateurs et des fours \u00e0 chocs.<\/p>","protected":false},"featured_media":184976,"template":"","meta":{"_seopress_robots_primary_cat":"none","_seopress_titles_title":"","_seopress_titles_desc":"","_seopress_robots_index":""},"product_brand":[],"product_cat":[879],"product_tag":[],"class_list":{"0":"post-184986","1":"product","2":"type-product","3":"status-publish","4":"has-post-thumbnail","6":"product_cat-interior","8":"first","9":"instock","10":"taxable","11":"shipping-taxable","12":"product-type-grouped"},"_links":{"self":[{"href":"http:\/\/shop.moldbrotherspastry.com\/fr\/wp-json\/wp\/v2\/product\/184986","targetHints":{"allow":["GET"]}}],"collection":[{"href":"http:\/\/shop.moldbrotherspastry.com\/fr\/wp-json\/wp\/v2\/product"}],"about":[{"href":"http:\/\/shop.moldbrotherspastry.com\/fr\/wp-json\/wp\/v2\/types\/product"}],"wp:featuredmedia":[{"embeddable":true,"href":"http:\/\/shop.moldbrotherspastry.com\/fr\/wp-json\/wp\/v2\/media\/184976"}],"wp:attachment":[{"href":"http:\/\/shop.moldbrotherspastry.com\/fr\/wp-json\/wp\/v2\/media?parent=184986"}],"wp:term":[{"taxonomy":"product_brand","embeddable":true,"href":"http:\/\/shop.moldbrotherspastry.com\/fr\/wp-json\/wp\/v2\/product_brand?post=184986"},{"taxonomy":"product_cat","embeddable":true,"href":"http:\/\/shop.moldbrotherspastry.com\/fr\/wp-json\/wp\/v2\/product_cat?post=184986"},{"taxonomy":"product_tag","embeddable":true,"href":"http:\/\/shop.moldbrotherspastry.com\/fr\/wp-json\/wp\/v2\/product_tag?post=184986"}],"curies":[{"name":"wp","href":"https:\/\/api.w.org\/{rel}","templated":true}]}}