{"id":163047,"date":"2024-12-01T14:40:00","date_gmt":"2024-12-01T13:40:00","guid":{"rendered":"https:\/\/shop.moldbrotherspastry.com\/?post_type=product&#038;p=163047"},"modified":"2025-06-05T09:11:58","modified_gmt":"2025-06-05T07:11:58","slug":"spiral-topper-molds","status":"publish","type":"product","link":"http:\/\/shop.moldbrotherspastry.com\/it\/prodotto\/spiral-topper-molds\/","title":{"rendered":"Spiral Topper Molds"},"content":{"rendered":"","protected":false},"excerpt":{"rendered":"<p>Questo stampo in silicone di alta qualit\u00e0 \u00e8 perfetto per la guarnizione della torta, a base di spirale. Realizzato in silicone alimentare 100%, \u00e8 sicuro sia per il forno che per l'abbattitore di temperatura, con temperature da -40\u00b0C a +200\u00b0C.<\/p>","protected":false},"featured_media":162883,"template":"","meta":{"_seopress_robots_primary_cat":"none","_seopress_titles_title":"","_seopress_titles_desc":"","_seopress_robots_index":""},"product_brand":[],"product_cat":[362],"product_tag":[],"class_list":{"0":"post-163047","1":"product","2":"type-product","3":"status-publish","4":"has-post-thumbnail","6":"product_cat-cake-toppers","8":"first","9":"instock","10":"sale","11":"taxable","12":"shipping-taxable","13":"product-type-grouped"},"_links":{"self":[{"href":"http:\/\/shop.moldbrotherspastry.com\/it\/wp-json\/wp\/v2\/product\/163047","targetHints":{"allow":["GET"]}}],"collection":[{"href":"http:\/\/shop.moldbrotherspastry.com\/it\/wp-json\/wp\/v2\/product"}],"about":[{"href":"http:\/\/shop.moldbrotherspastry.com\/it\/wp-json\/wp\/v2\/types\/product"}],"wp:featuredmedia":[{"embeddable":true,"href":"http:\/\/shop.moldbrotherspastry.com\/it\/wp-json\/wp\/v2\/media\/162883"}],"wp:attachment":[{"href":"http:\/\/shop.moldbrotherspastry.com\/it\/wp-json\/wp\/v2\/media?parent=163047"}],"wp:term":[{"taxonomy":"product_brand","embeddable":true,"href":"http:\/\/shop.moldbrotherspastry.com\/it\/wp-json\/wp\/v2\/product_brand?post=163047"},{"taxonomy":"product_cat","embeddable":true,"href":"http:\/\/shop.moldbrotherspastry.com\/it\/wp-json\/wp\/v2\/product_cat?post=163047"},{"taxonomy":"product_tag","embeddable":true,"href":"http:\/\/shop.moldbrotherspastry.com\/it\/wp-json\/wp\/v2\/product_tag?post=163047"}],"curies":[{"name":"wp","href":"https:\/\/api.w.org\/{rel}","templated":true}]}}