{"id":188986,"date":"2026-03-18T10:21:24","date_gmt":"2026-03-18T09:21:24","guid":{"rendered":"https:\/\/shop.moldbrotherspastry.com\/?post_type=product&#038;p=188986"},"modified":"2026-03-18T10:21:25","modified_gmt":"2026-03-18T09:21:25","slug":"layer-frame-large-kit-1x-base-4x-pins-5x-ring-6mm","status":"publish","type":"product","link":"http:\/\/shop.moldbrotherspastry.com\/it\/prodotto\/layer-frame-large-kit-1x-base-4x-pins-5x-ring-6mm\/","title":{"rendered":"Kit telaio a strati grande - 1x base + 4x perni + 5x anello 6 mm"},"content":{"rendered":"","protected":false},"excerpt":{"rendered":"<p>Un kit di cornici solido e di alta qualit\u00e0 per creazioni a strati come burro, ganache, marbr\u00e9, p\u00e2te de fruit e altro ancora. Si inizia con la base, poi si aggiungono una o pi\u00f9 cornici per creare strati ordinati e uniformi. \u00c8 facile da usare e ha un ottimo aspetto, il che lo rende perfetto per tutti coloro che vogliono che il loro lavoro abbia un sapore e un aspetto di prim'ordine.<\/p>","protected":false},"featured_media":188974,"template":"","meta":{"_seopress_robots_primary_cat":"","_seopress_titles_title":"","_seopress_titles_desc":"","_seopress_robots_index":""},"product_brand":[],"product_cat":[880,231],"product_tag":[],"class_list":{"0":"post-188986","1":"product","2":"type-product","3":"status-publish","4":"has-post-thumbnail","6":"product_cat-tools","7":"product_cat-hidden","9":"first","10":"instock","11":"sale","12":"taxable","13":"shipping-taxable","14":"purchasable","15":"product-type-simple"},"_links":{"self":[{"href":"http:\/\/shop.moldbrotherspastry.com\/it\/wp-json\/wp\/v2\/product\/188986","targetHints":{"allow":["GET"]}}],"collection":[{"href":"http:\/\/shop.moldbrotherspastry.com\/it\/wp-json\/wp\/v2\/product"}],"about":[{"href":"http:\/\/shop.moldbrotherspastry.com\/it\/wp-json\/wp\/v2\/types\/product"}],"wp:featuredmedia":[{"embeddable":true,"href":"http:\/\/shop.moldbrotherspastry.com\/it\/wp-json\/wp\/v2\/media\/188974"}],"wp:attachment":[{"href":"http:\/\/shop.moldbrotherspastry.com\/it\/wp-json\/wp\/v2\/media?parent=188986"}],"wp:term":[{"taxonomy":"product_brand","embeddable":true,"href":"http:\/\/shop.moldbrotherspastry.com\/it\/wp-json\/wp\/v2\/product_brand?post=188986"},{"taxonomy":"product_cat","embeddable":true,"href":"http:\/\/shop.moldbrotherspastry.com\/it\/wp-json\/wp\/v2\/product_cat?post=188986"},{"taxonomy":"product_tag","embeddable":true,"href":"http:\/\/shop.moldbrotherspastry.com\/it\/wp-json\/wp\/v2\/product_tag?post=188986"}],"curies":[{"name":"wp","href":"https:\/\/api.w.org\/{rel}","templated":true}]}}