{"id":163006,"date":"2024-10-17T14:44:27","date_gmt":"2024-10-17T12:44:27","guid":{"rendered":"https:\/\/shop.moldbrotherspastry.com\/?post_type=product&#038;p=163006"},"modified":"2024-11-01T12:39:23","modified_gmt":"2024-11-01T11:39:23","slug":"chouette-singular-molds","status":"publish","type":"product","link":"https:\/\/shop.moldbrotherspastry.com\/de\/produkt\/chouette-singular-molds\/","title":{"rendered":"Chouette Singular Molds"},"content":{"rendered":"<div class=\"wp-block-columns is-layout-flex wp-container-core-columns-is-layout-9d6595d7 wp-block-columns-is-layout-flex\">\n<div class=\"wp-block-column is-vertically-aligned-center is-layout-flow wp-block-column-is-layout-flow\" style=\"flex-basis:50%\">\n<figure class=\"wp-block-image size-full\"><a href=\"https:\/\/shop.moldbrotherspastry.com\/wp-content\/uploads\/2024\/10\/Roel-1-1-scaled.jpg\"><img loading=\"lazy\" decoding=\"async\" width=\"2560\" height=\"2560\" src=\"https:\/\/shop.moldbrotherspastry.com\/wp-content\/uploads\/2024\/10\/Roel-1-1-scaled.jpg\" alt=\"\" class=\"wp-image-163520\" srcset=\"https:\/\/shop.moldbrotherspastry.com\/wp-content\/uploads\/2024\/10\/Roel-1-1-scaled.jpg 2560w, https:\/\/shop.moldbrotherspastry.com\/wp-content\/uploads\/2024\/10\/Roel-1-1-150x150.jpg 150w, https:\/\/shop.moldbrotherspastry.com\/wp-content\/uploads\/2024\/10\/Roel-1-1-768x768.jpg 768w, https:\/\/shop.moldbrotherspastry.com\/wp-content\/uploads\/2024\/10\/Roel-1-1-1536x1536.jpg 1536w, https:\/\/shop.moldbrotherspastry.com\/wp-content\/uploads\/2024\/10\/Roel-1-1-2048x2048.jpg 2048w, https:\/\/shop.moldbrotherspastry.com\/wp-content\/uploads\/2024\/10\/Roel-1-1-12x12.jpg 12w, https:\/\/shop.moldbrotherspastry.com\/wp-content\/uploads\/2024\/10\/Roel-1-1-1024x1024.jpg 1024w, https:\/\/shop.moldbrotherspastry.com\/wp-content\/uploads\/2024\/10\/Roel-1-1-100x100.jpg 100w\" sizes=\"auto, (max-width: 2560px) 100vw, 2560px\" \/><\/a><\/figure>\n<\/div>\n\n\n\n<div class=\"wp-block-column is-layout-flow wp-block-column-is-layout-flow\" style=\"flex-basis:35.09%\">\n<h6 class=\"wp-block-heading\">Zusammenarbeit<\/h6>\n\n\n\n<h2 class=\"wp-block-heading\">\u00dcber Roel<\/h2>\n\n\n\n<p>Das Interesse von Roel Wagenaar an Patisserie und Viennoiserie ist im Laufe der Jahre immer gr\u00f6\u00dfer geworden. Nach seiner T\u00e4tigkeit in verschiedenen Spitzenrestaurants und -hotels entwickelte er eine echte Leidenschaft f\u00fcr die Viennoiserie, wobei ihn die chemischen Aspekte, die modernen Techniken und die exquisiten, hochwertigen Produkte besonders faszinierten. MoldBrothers Pastry ist begeistert von dieser Zusammenarbeit und freut sich auf eine weitere Partnerschaft!<\/p>\n<\/div>\n<\/div>\n\n\n\n<p><\/p>","protected":false},"excerpt":{"rendered":"<p>Diese hochwertige Silikonform eignet sich perfekt f\u00fcr die Herstellung von Portionsgeb\u00e4ck auf der Grundlage von Spritzbeutelwirbeln. Sie besteht aus lebensmittelechtem Silikon 100% und ist sowohl f\u00fcr den Ofen als auch f\u00fcr den Schnellk\u00fchler geeignet und h\u00e4lt Temperaturen von -40\u00b0C bis +200\u00b0C stand.<\/p>","protected":false},"featured_media":162793,"template":"","meta":{"_seopress_robots_primary_cat":"none","_seopress_titles_title":"","_seopress_titles_desc":"","_seopress_robots_index":""},"product_brand":[],"product_cat":[159],"product_tag":[],"class_list":{"0":"post-163006","1":"product","2":"type-product","3":"status-publish","4":"has-post-thumbnail","6":"product_cat-singulars","8":"first","9":"instock","10":"sale","11":"taxable","12":"shipping-taxable","13":"product-type-grouped"},"_links":{"self":[{"href":"https:\/\/shop.moldbrotherspastry.com\/de\/wp-json\/wp\/v2\/product\/163006","targetHints":{"allow":["GET"]}}],"collection":[{"href":"https:\/\/shop.moldbrotherspastry.com\/de\/wp-json\/wp\/v2\/product"}],"about":[{"href":"https:\/\/shop.moldbrotherspastry.com\/de\/wp-json\/wp\/v2\/types\/product"}],"wp:featuredmedia":[{"embeddable":true,"href":"https:\/\/shop.moldbrotherspastry.com\/de\/wp-json\/wp\/v2\/media\/162793"}],"wp:attachment":[{"href":"https:\/\/shop.moldbrotherspastry.com\/de\/wp-json\/wp\/v2\/media?parent=163006"}],"wp:term":[{"taxonomy":"product_brand","embeddable":true,"href":"https:\/\/shop.moldbrotherspastry.com\/de\/wp-json\/wp\/v2\/product_brand?post=163006"},{"taxonomy":"product_cat","embeddable":true,"href":"https:\/\/shop.moldbrotherspastry.com\/de\/wp-json\/wp\/v2\/product_cat?post=163006"},{"taxonomy":"product_tag","embeddable":true,"href":"https:\/\/shop.moldbrotherspastry.com\/de\/wp-json\/wp\/v2\/product_tag?post=163006"}],"curies":[{"name":"wp","href":"https:\/\/api.w.org\/{rel}","templated":true}]}}