{"id":163046,"date":"2024-12-01T14:09:14","date_gmt":"2024-12-01T13:09:14","guid":{"rendered":"https:\/\/shop.moldbrotherspastry.com\/?post_type=product&#038;p=163046"},"modified":"2025-08-14T10:35:55","modified_gmt":"2025-08-14T08:35:55","slug":"petal-topper-molds","status":"publish","type":"product","link":"https:\/\/shop.moldbrotherspastry.com\/de\/produkt\/petal-topper-molds\/","title":{"rendered":"Bl\u00fctenblatt Topper Molds"},"content":{"rendered":"","protected":false},"excerpt":{"rendered":"<p>Diese hochwertige Silikonform in Form von Bl\u00fctenbl\u00e4ttern ist perfekt f\u00fcr das Topping Ihres Kuchens. Sie besteht aus lebensmittelechtem Silikon 100% und ist sowohl f\u00fcr den Backofen als auch f\u00fcr die Tiefk\u00fchltruhe geeignet und h\u00e4lt Temperaturen von -40\u00b0C bis +200\u00b0C aus.<\/p>","protected":false},"featured_media":162839,"template":"","meta":{"_seopress_robots_primary_cat":"none","_seopress_titles_title":"","_seopress_titles_desc":"","_seopress_robots_index":""},"product_brand":[],"product_cat":[362],"product_tag":[],"class_list":{"0":"post-163046","1":"product","2":"type-product","3":"status-publish","4":"has-post-thumbnail","6":"product_cat-cake-toppers","8":"first","9":"instock","10":"sale","11":"taxable","12":"shipping-taxable","13":"product-type-grouped"},"_links":{"self":[{"href":"https:\/\/shop.moldbrotherspastry.com\/de\/wp-json\/wp\/v2\/product\/163046","targetHints":{"allow":["GET"]}}],"collection":[{"href":"https:\/\/shop.moldbrotherspastry.com\/de\/wp-json\/wp\/v2\/product"}],"about":[{"href":"https:\/\/shop.moldbrotherspastry.com\/de\/wp-json\/wp\/v2\/types\/product"}],"wp:featuredmedia":[{"embeddable":true,"href":"https:\/\/shop.moldbrotherspastry.com\/de\/wp-json\/wp\/v2\/media\/162839"}],"wp:attachment":[{"href":"https:\/\/shop.moldbrotherspastry.com\/de\/wp-json\/wp\/v2\/media?parent=163046"}],"wp:term":[{"taxonomy":"product_brand","embeddable":true,"href":"https:\/\/shop.moldbrotherspastry.com\/de\/wp-json\/wp\/v2\/product_brand?post=163046"},{"taxonomy":"product_cat","embeddable":true,"href":"https:\/\/shop.moldbrotherspastry.com\/de\/wp-json\/wp\/v2\/product_cat?post=163046"},{"taxonomy":"product_tag","embeddable":true,"href":"https:\/\/shop.moldbrotherspastry.com\/de\/wp-json\/wp\/v2\/product_tag?post=163046"}],"curies":[{"name":"wp","href":"https:\/\/api.w.org\/{rel}","templated":true}]}}