{"id":163057,"date":"2024-10-17T14:15:06","date_gmt":"2024-10-17T12:15:06","guid":{"rendered":"https:\/\/shop.moldbrotherspastry.com\/?post_type=product&#038;p=163057"},"modified":"2024-11-05T09:41:21","modified_gmt":"2024-11-05T08:41:21","slug":"eclair-choux-molds","status":"publish","type":"product","link":"https:\/\/shop.moldbrotherspastry.com\/de\/produkt\/eclair-choux-molds\/","title":{"rendered":"Eclair Choux Molds"},"content":{"rendered":"","protected":false},"excerpt":{"rendered":"<p>Diese hochwertige Silikonform ist perfekt f\u00fcr die Herstellung von Brandteiggeb\u00e4ck in Form eines traditionellen Eclairs. Sie besteht aus lebensmittelechtem Silikon 100% und ist sowohl f\u00fcr den Backofen als auch f\u00fcr den Schnellk\u00fchler geeignet und h\u00e4lt Temperaturen von -40\u00b0C bis +200\u00b0C aus.<\/p>","protected":false},"featured_media":162810,"template":"","meta":{"_seopress_robots_primary_cat":"none","_seopress_titles_title":"","_seopress_titles_desc":"","_seopress_robots_index":""},"product_brand":[],"product_cat":[238],"product_tag":[],"class_list":{"0":"post-163057","1":"product","2":"type-product","3":"status-publish","4":"has-post-thumbnail","6":"product_cat-choux","8":"first","9":"instock","10":"sale","11":"taxable","12":"shipping-taxable","13":"product-type-grouped"},"_links":{"self":[{"href":"https:\/\/shop.moldbrotherspastry.com\/de\/wp-json\/wp\/v2\/product\/163057","targetHints":{"allow":["GET"]}}],"collection":[{"href":"https:\/\/shop.moldbrotherspastry.com\/de\/wp-json\/wp\/v2\/product"}],"about":[{"href":"https:\/\/shop.moldbrotherspastry.com\/de\/wp-json\/wp\/v2\/types\/product"}],"wp:featuredmedia":[{"embeddable":true,"href":"https:\/\/shop.moldbrotherspastry.com\/de\/wp-json\/wp\/v2\/media\/162810"}],"wp:attachment":[{"href":"https:\/\/shop.moldbrotherspastry.com\/de\/wp-json\/wp\/v2\/media?parent=163057"}],"wp:term":[{"taxonomy":"product_brand","embeddable":true,"href":"https:\/\/shop.moldbrotherspastry.com\/de\/wp-json\/wp\/v2\/product_brand?post=163057"},{"taxonomy":"product_cat","embeddable":true,"href":"https:\/\/shop.moldbrotherspastry.com\/de\/wp-json\/wp\/v2\/product_cat?post=163057"},{"taxonomy":"product_tag","embeddable":true,"href":"https:\/\/shop.moldbrotherspastry.com\/de\/wp-json\/wp\/v2\/product_tag?post=163057"}],"curies":[{"name":"wp","href":"https:\/\/api.w.org\/{rel}","templated":true}]}}