{"id":163074,"date":"2024-10-17T14:16:00","date_gmt":"2024-10-17T12:16:00","guid":{"rendered":"https:\/\/shop.moldbrotherspastry.com\/?post_type=product&#038;p=163074"},"modified":"2024-11-05T09:40:50","modified_gmt":"2024-11-05T08:40:50","slug":"bold-pastille-bottom-molds","status":"publish","type":"product","link":"https:\/\/shop.moldbrotherspastry.com\/de\/produkt\/bold-pastille-bottom-molds\/","title":{"rendered":"K\u00fchne Pastille Molds"},"content":{"rendered":"","protected":false},"excerpt":{"rendered":"<p>Diese hochwertige Silikonform eignet sich perfekt f\u00fcr die Herstellung von Geb\u00e4ckb\u00f6den in Form einer Pastille mit einer minimalen W\u00f6lbung am Rand. Sie besteht aus lebensmittelechtem Silikon 100% und ist sowohl f\u00fcr den Backofen als auch f\u00fcr den Schnellk\u00fchler geeignet und vertr\u00e4gt Temperaturen von -40\u00b0C bis +200\u00b0C.<\/p>","protected":false},"featured_media":162782,"template":"","meta":{"_seopress_robots_primary_cat":"none","_seopress_titles_title":"","_seopress_titles_desc":"","_seopress_robots_index":""},"product_brand":[],"product_cat":[202],"product_tag":[],"class_list":{"0":"post-163074","1":"product","2":"type-product","3":"status-publish","4":"has-post-thumbnail","6":"product_cat-tops-bottoms","8":"first","9":"instock","10":"sale","11":"taxable","12":"shipping-taxable","13":"product-type-grouped"},"_links":{"self":[{"href":"https:\/\/shop.moldbrotherspastry.com\/de\/wp-json\/wp\/v2\/product\/163074","targetHints":{"allow":["GET"]}}],"collection":[{"href":"https:\/\/shop.moldbrotherspastry.com\/de\/wp-json\/wp\/v2\/product"}],"about":[{"href":"https:\/\/shop.moldbrotherspastry.com\/de\/wp-json\/wp\/v2\/types\/product"}],"wp:featuredmedia":[{"embeddable":true,"href":"https:\/\/shop.moldbrotherspastry.com\/de\/wp-json\/wp\/v2\/media\/162782"}],"wp:attachment":[{"href":"https:\/\/shop.moldbrotherspastry.com\/de\/wp-json\/wp\/v2\/media?parent=163074"}],"wp:term":[{"taxonomy":"product_brand","embeddable":true,"href":"https:\/\/shop.moldbrotherspastry.com\/de\/wp-json\/wp\/v2\/product_brand?post=163074"},{"taxonomy":"product_cat","embeddable":true,"href":"https:\/\/shop.moldbrotherspastry.com\/de\/wp-json\/wp\/v2\/product_cat?post=163074"},{"taxonomy":"product_tag","embeddable":true,"href":"https:\/\/shop.moldbrotherspastry.com\/de\/wp-json\/wp\/v2\/product_tag?post=163074"}],"curies":[{"name":"wp","href":"https:\/\/api.w.org\/{rel}","templated":true}]}}