{"id":163109,"date":"2024-10-15T14:03:53","date_gmt":"2024-10-15T12:03:53","guid":{"rendered":"https:\/\/shop.moldbrotherspastry.com\/?post_type=product&#038;p=163109"},"modified":"2024-11-01T09:20:11","modified_gmt":"2024-11-01T08:20:11","slug":"plating-set","status":"publish","type":"product","link":"https:\/\/shop.moldbrotherspastry.com\/de\/produkt\/plating-set\/","title":{"rendered":"Beschichtungsset"},"content":{"rendered":"","protected":false},"excerpt":{"rendered":"<p>Entdecken Sie unsere Premium-Kollektion hochwertiger K\u00fcchenutensilien aus Metall, darunter ein vielseitiges Spachtelmesser, zwei Quenelle-L\u00f6ffel und zwei Pinzetten. Ordentlich verpackt in einer H\u00fclle, damit sie immer richtig verpackt werden k\u00f6nnen!<\/p>\n<p><strong>Palettenmesser:<\/strong> 9 cm<br \/>\n<strong>Quenelle-L\u00f6ffel klein:<\/strong> 4,5 cm<br \/>\n<strong>Quenelle-L\u00f6ffel gro\u00df<\/strong>: 7 cm<br \/>\n<strong>Pinzette klein:<\/strong> 8 cm<br \/>\n<strong>Pinzette gro\u00df:<\/strong> 10 cm<\/p>","protected":false},"featured_media":163112,"template":"","meta":{"_seopress_robots_primary_cat":"none","_seopress_titles_title":"","_seopress_titles_desc":"","_seopress_robots_index":""},"product_brand":[],"product_cat":[880],"product_tag":[],"class_list":{"0":"post-163109","1":"product","2":"type-product","3":"status-publish","4":"has-post-thumbnail","6":"product_cat-tools","8":"first","9":"instock","10":"taxable","11":"shipping-taxable","12":"purchasable","13":"product-type-simple"},"_links":{"self":[{"href":"https:\/\/shop.moldbrotherspastry.com\/de\/wp-json\/wp\/v2\/product\/163109","targetHints":{"allow":["GET"]}}],"collection":[{"href":"https:\/\/shop.moldbrotherspastry.com\/de\/wp-json\/wp\/v2\/product"}],"about":[{"href":"https:\/\/shop.moldbrotherspastry.com\/de\/wp-json\/wp\/v2\/types\/product"}],"wp:featuredmedia":[{"embeddable":true,"href":"https:\/\/shop.moldbrotherspastry.com\/de\/wp-json\/wp\/v2\/media\/163112"}],"wp:attachment":[{"href":"https:\/\/shop.moldbrotherspastry.com\/de\/wp-json\/wp\/v2\/media?parent=163109"}],"wp:term":[{"taxonomy":"product_brand","embeddable":true,"href":"https:\/\/shop.moldbrotherspastry.com\/de\/wp-json\/wp\/v2\/product_brand?post=163109"},{"taxonomy":"product_cat","embeddable":true,"href":"https:\/\/shop.moldbrotherspastry.com\/de\/wp-json\/wp\/v2\/product_cat?post=163109"},{"taxonomy":"product_tag","embeddable":true,"href":"https:\/\/shop.moldbrotherspastry.com\/de\/wp-json\/wp\/v2\/product_tag?post=163109"}],"curies":[{"name":"wp","href":"https:\/\/api.w.org\/{rel}","templated":true}]}}