{"id":163174,"date":"2024-10-16T14:08:05","date_gmt":"2024-10-16T12:08:05","guid":{"rendered":"https:\/\/shop.moldbrotherspastry.com\/?post_type=product&#038;p=163174"},"modified":"2025-06-05T09:09:55","modified_gmt":"2025-06-05T07:09:55","slug":"moldpat-macaron-60x40","status":"publish","type":"product","link":"https:\/\/shop.moldbrotherspastry.com\/de\/produkt\/moldpat-macaron-60x40\/","title":{"rendered":"Macaron MoldPat 60\u00d740"},"content":{"rendered":"","protected":false},"excerpt":{"rendered":"<p>Unsere mit Pr\u00e4zision gefertigte Silikonbackmatte verf\u00fcgt \u00fcber ein innen gewebtes Glasfasernetz und bietet au\u00dfergew\u00f6hnliche Haltbarkeit und Vielseitigkeit f\u00fcr jede K\u00fcchenaufgabe. Mit der Silikon-Backmatte MoldPat k\u00f6nnen Sie bis zu 65 Macarons mit einem effizienten Layout zubereiten.<\/p>\n<p>Diese Matte wurde entwickelt, um Temperaturen von -40\u00b0C bis +200\u00b0C standzuhalten, und ist \u00e4u\u00dferst vielseitig, so dass sie sowohl f\u00fcr den Einsatz im Gefrierschrank als auch im Backofen geeignet ist.<\/p>","protected":false},"featured_media":163211,"template":"","meta":{"_seopress_robots_primary_cat":"none","_seopress_titles_title":"","_seopress_titles_desc":"","_seopress_robots_index":""},"product_brand":[],"product_cat":[880],"product_tag":[],"class_list":{"0":"post-163174","1":"product","2":"type-product","3":"status-publish","4":"has-post-thumbnail","6":"product_cat-tools","8":"first","9":"instock","10":"taxable","11":"shipping-taxable","12":"purchasable","13":"product-type-simple"},"_links":{"self":[{"href":"https:\/\/shop.moldbrotherspastry.com\/de\/wp-json\/wp\/v2\/product\/163174","targetHints":{"allow":["GET"]}}],"collection":[{"href":"https:\/\/shop.moldbrotherspastry.com\/de\/wp-json\/wp\/v2\/product"}],"about":[{"href":"https:\/\/shop.moldbrotherspastry.com\/de\/wp-json\/wp\/v2\/types\/product"}],"wp:featuredmedia":[{"embeddable":true,"href":"https:\/\/shop.moldbrotherspastry.com\/de\/wp-json\/wp\/v2\/media\/163211"}],"wp:attachment":[{"href":"https:\/\/shop.moldbrotherspastry.com\/de\/wp-json\/wp\/v2\/media?parent=163174"}],"wp:term":[{"taxonomy":"product_brand","embeddable":true,"href":"https:\/\/shop.moldbrotherspastry.com\/de\/wp-json\/wp\/v2\/product_brand?post=163174"},{"taxonomy":"product_cat","embeddable":true,"href":"https:\/\/shop.moldbrotherspastry.com\/de\/wp-json\/wp\/v2\/product_cat?post=163174"},{"taxonomy":"product_tag","embeddable":true,"href":"https:\/\/shop.moldbrotherspastry.com\/de\/wp-json\/wp\/v2\/product_tag?post=163174"}],"curies":[{"name":"wp","href":"https:\/\/api.w.org\/{rel}","templated":true}]}}