{"id":163348,"date":"2024-10-17T14:50:00","date_gmt":"2024-10-17T12:50:00","guid":{"rendered":"https:\/\/shop.moldbrotherspastry.com\/?post_type=product&#038;p=163348"},"modified":"2025-04-24T10:50:09","modified_gmt":"2025-04-24T08:50:09","slug":"charlotte-singular-molds","status":"publish","type":"product","link":"https:\/\/shop.moldbrotherspastry.com\/de\/produkt\/charlotte-singular-molds\/","title":{"rendered":"Charlotte Einzahl Molds"},"content":{"rendered":"<div class=\"wp-block-columns is-layout-flex wp-container-core-columns-is-layout-9d6595d7 wp-block-columns-is-layout-flex\">\n<div class=\"wp-block-column is-vertically-aligned-center is-layout-flow wp-block-column-is-layout-flow\" style=\"flex-basis:50%\">\n<figure class=\"wp-block-image size-full\"><a href=\"https:\/\/shop.moldbrotherspastry.com\/wp-content\/uploads\/2024\/10\/40f504d8-aaaa-44ff-b79b-006d3a8a5fb9_rw_3840-scaled.jpg\"><img loading=\"lazy\" decoding=\"async\" width=\"2191\" height=\"2560\" src=\"https:\/\/shop.moldbrotherspastry.com\/wp-content\/uploads\/2024\/10\/40f504d8-aaaa-44ff-b79b-006d3a8a5fb9_rw_3840-scaled.jpg\" alt=\"\" class=\"wp-image-163530\" srcset=\"https:\/\/shop.moldbrotherspastry.com\/wp-content\/uploads\/2024\/10\/40f504d8-aaaa-44ff-b79b-006d3a8a5fb9_rw_3840-scaled.jpg 2191w, https:\/\/shop.moldbrotherspastry.com\/wp-content\/uploads\/2024\/10\/40f504d8-aaaa-44ff-b79b-006d3a8a5fb9_rw_3840-768x897.jpg 768w, https:\/\/shop.moldbrotherspastry.com\/wp-content\/uploads\/2024\/10\/40f504d8-aaaa-44ff-b79b-006d3a8a5fb9_rw_3840-1315x1536.jpg 1315w, https:\/\/shop.moldbrotherspastry.com\/wp-content\/uploads\/2024\/10\/40f504d8-aaaa-44ff-b79b-006d3a8a5fb9_rw_3840-1753x2048.jpg 1753w, https:\/\/shop.moldbrotherspastry.com\/wp-content\/uploads\/2024\/10\/40f504d8-aaaa-44ff-b79b-006d3a8a5fb9_rw_3840-10x12.jpg 10w, https:\/\/shop.moldbrotherspastry.com\/wp-content\/uploads\/2024\/10\/40f504d8-aaaa-44ff-b79b-006d3a8a5fb9_rw_3840-1024x1196.jpg 1024w\" sizes=\"auto, (max-width: 2191px) 100vw, 2191px\" \/><\/a><\/figure>\n<\/div>\n\n\n\n<div class=\"wp-block-column is-layout-flow wp-block-column-is-layout-flow\" style=\"flex-basis:35.09%\">\n<h6 class=\"wp-block-heading\">Zusammenarbeit<\/h6>\n\n\n\n<h2 class=\"wp-block-heading\">\u00dcber Dimitri<\/h2>\n\n\n\n<p><br><br>Dimitri Esposito ist ein gefeierter franz\u00f6sischer Konditor und Chocolatier, der f\u00fcr seine au\u00dfergew\u00f6hnlichen F\u00e4higkeiten und seine Kreativit\u00e4t in der Welt der S\u00fc\u00dfwaren bekannt ist. Urspr\u00fcnglich stammt er aus Marseille, Frankreich, und absolvierte bei Les Compagnons Du Devoir eine umfassende Ausbildung in fortgeschrittenen technischen kulinarischen Fertigkeiten, wo er sich auf die Herstellung von Geb\u00e4ck und Schokolade spezialisierte. Vor einigen Jahren haben wir gemeinsam mit ihm das erste Charlotte-Patisserie-Design entworfen, das mit dem Relaunch von MoldBrothers Pastry ein frisches Update erh\u00e4lt!<\/p>\n<\/div>\n<\/div>\n\n\n\n<p><\/p>","protected":false},"excerpt":{"rendered":"<p>Diese hochwertige Silikonform eignet sich perfekt f\u00fcr die Herstellung von Portionsgeb\u00e4ck nach dem Vorbild des klassischen Charlotte Pastry. Sie besteht aus lebensmittelechtem Silikon 100% und ist sowohl f\u00fcr den Backofen als auch f\u00fcr den Schnellk\u00fchler geeignet und vertr\u00e4gt Temperaturen von -40\u00b0C bis +200\u00b0C.<\/p>","protected":false},"featured_media":162787,"template":"","meta":{"_seopress_robots_primary_cat":"none","_seopress_titles_title":"","_seopress_titles_desc":"","_seopress_robots_index":""},"product_brand":[],"product_cat":[159],"product_tag":[],"class_list":{"0":"post-163348","1":"product","2":"type-product","3":"status-publish","4":"has-post-thumbnail","6":"product_cat-singulars","8":"first","9":"instock","10":"sale","11":"taxable","12":"shipping-taxable","13":"product-type-grouped"},"_links":{"self":[{"href":"https:\/\/shop.moldbrotherspastry.com\/de\/wp-json\/wp\/v2\/product\/163348","targetHints":{"allow":["GET"]}}],"collection":[{"href":"https:\/\/shop.moldbrotherspastry.com\/de\/wp-json\/wp\/v2\/product"}],"about":[{"href":"https:\/\/shop.moldbrotherspastry.com\/de\/wp-json\/wp\/v2\/types\/product"}],"wp:featuredmedia":[{"embeddable":true,"href":"https:\/\/shop.moldbrotherspastry.com\/de\/wp-json\/wp\/v2\/media\/162787"}],"wp:attachment":[{"href":"https:\/\/shop.moldbrotherspastry.com\/de\/wp-json\/wp\/v2\/media?parent=163348"}],"wp:term":[{"taxonomy":"product_brand","embeddable":true,"href":"https:\/\/shop.moldbrotherspastry.com\/de\/wp-json\/wp\/v2\/product_brand?post=163348"},{"taxonomy":"product_cat","embeddable":true,"href":"https:\/\/shop.moldbrotherspastry.com\/de\/wp-json\/wp\/v2\/product_cat?post=163348"},{"taxonomy":"product_tag","embeddable":true,"href":"https:\/\/shop.moldbrotherspastry.com\/de\/wp-json\/wp\/v2\/product_tag?post=163348"}],"curies":[{"name":"wp","href":"https:\/\/api.w.org\/{rel}","templated":true}]}}