{"id":172084,"date":"2025-05-15T21:30:34","date_gmt":"2025-05-15T19:30:34","guid":{"rendered":"https:\/\/shop.moldbrotherspastry.com\/?post_type=product&#038;p=172084"},"modified":"2026-02-23T10:41:51","modified_gmt":"2026-02-23T09:41:51","slug":"mille-feuille-silversil-mold","status":"publish","type":"product","link":"https:\/\/shop.moldbrotherspastry.com\/de\/produkt\/mille-feuille-silversil-mold\/","title":{"rendered":"Tausendf\u00fc\u00dfler SilberSil Mold"},"content":{"rendered":"","protected":false},"excerpt":{"rendered":"<p>Eine hochwertige SilverSil-Form zur Herstellung feiner, gewellter Chips mit gleichbleibenden Ergebnissen. Das Silikon bietet eine hervorragende W\u00e4rmeleitung, die ein gleichm\u00e4\u00dfiges Backen gew\u00e4hrleistet. Hergestellt aus lebensmittelechtem Silikon 100%, ist die Form langlebig und zuverl\u00e4ssig f\u00fcr den langfristigen Einsatz in der professionellen Konditoreik\u00fcche.<\/p>\n<p>Best\u00e4ndig gegen Temperaturen von -40\u00b0C bis +250\u00b0C, geeignet f\u00fcr den Einsatz in (Schock-)Gefrierschr\u00e4nken und \u00d6fen.<\/p>","protected":false},"featured_media":172090,"template":"","meta":{"_seopress_robots_primary_cat":"none","_seopress_titles_title":"","_seopress_titles_desc":"","_seopress_robots_index":""},"product_brand":[],"product_cat":[880],"product_tag":[],"class_list":{"0":"post-172084","1":"product","2":"type-product","3":"status-publish","4":"has-post-thumbnail","6":"product_cat-tools","8":"first","9":"instock","10":"taxable","11":"shipping-taxable","12":"purchasable","13":"product-type-simple"},"_links":{"self":[{"href":"https:\/\/shop.moldbrotherspastry.com\/de\/wp-json\/wp\/v2\/product\/172084","targetHints":{"allow":["GET"]}}],"collection":[{"href":"https:\/\/shop.moldbrotherspastry.com\/de\/wp-json\/wp\/v2\/product"}],"about":[{"href":"https:\/\/shop.moldbrotherspastry.com\/de\/wp-json\/wp\/v2\/types\/product"}],"wp:featuredmedia":[{"embeddable":true,"href":"https:\/\/shop.moldbrotherspastry.com\/de\/wp-json\/wp\/v2\/media\/172090"}],"wp:attachment":[{"href":"https:\/\/shop.moldbrotherspastry.com\/de\/wp-json\/wp\/v2\/media?parent=172084"}],"wp:term":[{"taxonomy":"product_brand","embeddable":true,"href":"https:\/\/shop.moldbrotherspastry.com\/de\/wp-json\/wp\/v2\/product_brand?post=172084"},{"taxonomy":"product_cat","embeddable":true,"href":"https:\/\/shop.moldbrotherspastry.com\/de\/wp-json\/wp\/v2\/product_cat?post=172084"},{"taxonomy":"product_tag","embeddable":true,"href":"https:\/\/shop.moldbrotherspastry.com\/de\/wp-json\/wp\/v2\/product_tag?post=172084"}],"curies":[{"name":"wp","href":"https:\/\/api.w.org\/{rel}","templated":true}]}}