{"id":173116,"date":"2025-06-11T10:09:36","date_gmt":"2025-06-11T08:09:36","guid":{"rendered":"https:\/\/shop.moldbrotherspastry.com\/?post_type=product&#038;p=173116"},"modified":"2026-03-18T13:40:04","modified_gmt":"2026-03-18T12:40:04","slug":"viennoiserie-silicone-puck-10-pcs","status":"publish","type":"product","link":"https:\/\/shop.moldbrotherspastry.com\/de\/produkt\/viennoiserie-silicone-puck-10-pcs\/","title":{"rendered":"Viennoiserie Pucks \u2300 4 cm (10 St\u00fcck)"},"content":{"rendered":"","protected":false},"excerpt":{"rendered":"<p>Entwickelt, um sich nahtlos in Ihren Arbeitsablauf in der Viennoiserie zu integrieren. Diese hochwertigen Silikonpucks werden vor dem Backen direkt in den Teig gelegt und erzeugen jedes Mal eine saubere, perfekt definierte Kavit\u00e4t. Kein Schneiden, kein Abfall, keine Inkonsistenz.<\/p>\n<p>Nur eine pr\u00e4zise \u00d6ffnung, bereit zum Bef\u00fcllen. Gebaut f\u00fcr Geschwindigkeit. Gemacht f\u00fcr Kontrolle. Bereit f\u00fcr Ihre n\u00e4chste Kreation.<\/p>\n<p>Sind Sie neugierig, es in Aktion zu sehen? <a href=\"https:\/\/www.instagram.com\/p\/DLFhYo5IUNT\/\">[Klicken Sie hier]<\/a><\/p>","protected":false},"featured_media":189016,"template":"","meta":{"_seopress_robots_primary_cat":"none","_seopress_titles_title":"","_seopress_titles_desc":"","_seopress_robots_index":""},"product_brand":[],"product_cat":[888,456,231],"product_tag":[],"class_list":{"0":"post-173116","1":"product","2":"type-product","3":"status-publish","4":"has-post-thumbnail","6":"product_cat-viennoiserie-tools","7":"product_cat-highlights","8":"product_cat-hidden","10":"first","11":"instock","12":"taxable","13":"shipping-taxable","14":"purchasable","15":"product-type-simple"},"_links":{"self":[{"href":"https:\/\/shop.moldbrotherspastry.com\/de\/wp-json\/wp\/v2\/product\/173116","targetHints":{"allow":["GET"]}}],"collection":[{"href":"https:\/\/shop.moldbrotherspastry.com\/de\/wp-json\/wp\/v2\/product"}],"about":[{"href":"https:\/\/shop.moldbrotherspastry.com\/de\/wp-json\/wp\/v2\/types\/product"}],"wp:featuredmedia":[{"embeddable":true,"href":"https:\/\/shop.moldbrotherspastry.com\/de\/wp-json\/wp\/v2\/media\/189016"}],"wp:attachment":[{"href":"https:\/\/shop.moldbrotherspastry.com\/de\/wp-json\/wp\/v2\/media?parent=173116"}],"wp:term":[{"taxonomy":"product_brand","embeddable":true,"href":"https:\/\/shop.moldbrotherspastry.com\/de\/wp-json\/wp\/v2\/product_brand?post=173116"},{"taxonomy":"product_cat","embeddable":true,"href":"https:\/\/shop.moldbrotherspastry.com\/de\/wp-json\/wp\/v2\/product_cat?post=173116"},{"taxonomy":"product_tag","embeddable":true,"href":"https:\/\/shop.moldbrotherspastry.com\/de\/wp-json\/wp\/v2\/product_tag?post=173116"}],"curies":[{"name":"wp","href":"https:\/\/api.w.org\/{rel}","templated":true}]}}