{"id":181154,"date":"2025-11-24T12:18:40","date_gmt":"2025-11-24T11:18:40","guid":{"rendered":"https:\/\/shop.moldbrotherspastry.com\/?post_type=product&#038;p=181154"},"modified":"2025-11-26T11:21:52","modified_gmt":"2025-11-26T10:21:52","slug":"galette-baking-mold","status":"publish","type":"product","link":"https:\/\/shop.moldbrotherspastry.com\/de\/produkt\/galette-baking-mold\/","title":{"rendered":"Galette-Backen Mold"},"content":{"rendered":"","protected":false},"excerpt":{"rendered":"<p>Eine hochwertige SilverSil-Form, mit der Sie Ihre Galette des Rois mit einer einzigartigen Einlage versehen k\u00f6nnen. Hergestellt aus lebensmittelechtem Silikon 100%, ist die Form langlebig und zuverl\u00e4ssig f\u00fcr den langfristigen Einsatz in einer professionellen Konditorei. Die Form ist temperaturbest\u00e4ndig von -40\u00b0C bis +250\u00b0C und damit sowohl f\u00fcr den Einsatz im (Schock-)Gefrierschrank als auch im Backofen geeignet.<\/p>","protected":false},"featured_media":181159,"template":"","meta":{"_seopress_robots_primary_cat":"none","_seopress_titles_title":"","_seopress_titles_desc":"","_seopress_robots_index":""},"product_brand":[],"product_cat":[888],"product_tag":[],"class_list":{"0":"post-181154","1":"product","2":"type-product","3":"status-publish","4":"has-post-thumbnail","6":"product_cat-viennoiserie-tools","8":"first","9":"instock","10":"taxable","11":"shipping-taxable","12":"purchasable","13":"product-type-simple"},"_links":{"self":[{"href":"https:\/\/shop.moldbrotherspastry.com\/de\/wp-json\/wp\/v2\/product\/181154","targetHints":{"allow":["GET"]}}],"collection":[{"href":"https:\/\/shop.moldbrotherspastry.com\/de\/wp-json\/wp\/v2\/product"}],"about":[{"href":"https:\/\/shop.moldbrotherspastry.com\/de\/wp-json\/wp\/v2\/types\/product"}],"wp:featuredmedia":[{"embeddable":true,"href":"https:\/\/shop.moldbrotherspastry.com\/de\/wp-json\/wp\/v2\/media\/181159"}],"wp:attachment":[{"href":"https:\/\/shop.moldbrotherspastry.com\/de\/wp-json\/wp\/v2\/media?parent=181154"}],"wp:term":[{"taxonomy":"product_brand","embeddable":true,"href":"https:\/\/shop.moldbrotherspastry.com\/de\/wp-json\/wp\/v2\/product_brand?post=181154"},{"taxonomy":"product_cat","embeddable":true,"href":"https:\/\/shop.moldbrotherspastry.com\/de\/wp-json\/wp\/v2\/product_cat?post=181154"},{"taxonomy":"product_tag","embeddable":true,"href":"https:\/\/shop.moldbrotherspastry.com\/de\/wp-json\/wp\/v2\/product_tag?post=181154"}],"curies":[{"name":"wp","href":"https:\/\/api.w.org\/{rel}","templated":true}]}}