{"id":181291,"date":"2024-11-26T10:19:00","date_gmt":"2024-11-26T09:19:00","guid":{"rendered":"https:\/\/shop.moldbrotherspastry.com\/?post_type=product&#038;p=181291"},"modified":"2026-01-26T13:45:44","modified_gmt":"2026-01-26T12:45:44","slug":"abstract-tree-buche-mold","status":"publish","type":"product","link":"https:\/\/shop.moldbrotherspastry.com\/de\/produkt\/abstract-tree-buche-mold\/","title":{"rendered":"Abstrakter Baum B\u00fbche Mold"},"content":{"rendered":"","protected":false},"excerpt":{"rendered":"<p>Eine hochwertige Silikonform f\u00fcr B\u00fbche de No\u00ebl in Form einer abstrakten, glatten Baumrinde. Die Form hat einen einzigen Hohlraum und ist aus 100 Prozent lebensmittelechtem Silikon hergestellt.<\/p>\n<p>Es h\u00e4lt Temperaturen von minus 40\u00b0C bis plus 200\u00b0C stand und ist damit sowohl f\u00fcr Schockfroster als auch f\u00fcr \u00d6fen geeignet.<\/p>","protected":false},"featured_media":181294,"template":"","meta":{"_seopress_robots_primary_cat":"none","_seopress_titles_title":"","_seopress_titles_desc":"","_seopress_robots_index":""},"product_brand":[],"product_cat":[192],"product_tag":[],"class_list":{"0":"post-181291","1":"product","2":"type-product","3":"status-publish","4":"has-post-thumbnail","6":"product_cat-buche","8":"first","9":"instock","10":"taxable","11":"shipping-taxable","12":"purchasable","13":"product-type-simple"},"_links":{"self":[{"href":"https:\/\/shop.moldbrotherspastry.com\/de\/wp-json\/wp\/v2\/product\/181291","targetHints":{"allow":["GET"]}}],"collection":[{"href":"https:\/\/shop.moldbrotherspastry.com\/de\/wp-json\/wp\/v2\/product"}],"about":[{"href":"https:\/\/shop.moldbrotherspastry.com\/de\/wp-json\/wp\/v2\/types\/product"}],"wp:featuredmedia":[{"embeddable":true,"href":"https:\/\/shop.moldbrotherspastry.com\/de\/wp-json\/wp\/v2\/media\/181294"}],"wp:attachment":[{"href":"https:\/\/shop.moldbrotherspastry.com\/de\/wp-json\/wp\/v2\/media?parent=181291"}],"wp:term":[{"taxonomy":"product_brand","embeddable":true,"href":"https:\/\/shop.moldbrotherspastry.com\/de\/wp-json\/wp\/v2\/product_brand?post=181291"},{"taxonomy":"product_cat","embeddable":true,"href":"https:\/\/shop.moldbrotherspastry.com\/de\/wp-json\/wp\/v2\/product_cat?post=181291"},{"taxonomy":"product_tag","embeddable":true,"href":"https:\/\/shop.moldbrotherspastry.com\/de\/wp-json\/wp\/v2\/product_tag?post=181291"}],"curies":[{"name":"wp","href":"https:\/\/api.w.org\/{rel}","templated":true}]}}