{"id":163095,"date":"2024-10-17T14:38:14","date_gmt":"2024-10-17T12:38:14","guid":{"rendered":"https:\/\/shop.moldbrotherspastry.com\/?post_type=product&#038;p=163095"},"modified":"2024-11-05T09:23:59","modified_gmt":"2024-11-05T08:23:59","slug":"parisienne-topper-molds","status":"publish","type":"product","link":"https:\/\/shop.moldbrotherspastry.com\/es\/producto\/parisienne-topper-molds\/","title":{"rendered":"Parisienne Topper Molds"},"content":{"rendered":"","protected":false},"excerpt":{"rendered":"<p>Este molde de silicona de alta calidad es perfecto para hacer una cobertura de reposter\u00eda de una sola porci\u00f3n. Esta cobertura se basa en la t\u00e9cnica de la manga pastelera, en la que se utiliza una cuchara de pomme parisienne caliente para hacer una peque\u00f1a hendidura. Fabricado en silicona alimentaria 100%, es seguro tanto para el horno como para el abatidor de temperatura, soportando temperaturas de -40\u00b0C a +200\u00b0C.<\/p>","protected":false},"featured_media":162837,"template":"","meta":{"_seopress_robots_primary_cat":"none","_seopress_titles_title":"","_seopress_titles_desc":"","_seopress_robots_index":""},"product_brand":[],"product_cat":[202],"product_tag":[],"class_list":{"0":"post-163095","1":"product","2":"type-product","3":"status-publish","4":"has-post-thumbnail","6":"product_cat-tops-bottoms","8":"first","9":"instock","10":"sale","11":"taxable","12":"shipping-taxable","13":"product-type-grouped"},"_links":{"self":[{"href":"https:\/\/shop.moldbrotherspastry.com\/es\/wp-json\/wp\/v2\/product\/163095","targetHints":{"allow":["GET"]}}],"collection":[{"href":"https:\/\/shop.moldbrotherspastry.com\/es\/wp-json\/wp\/v2\/product"}],"about":[{"href":"https:\/\/shop.moldbrotherspastry.com\/es\/wp-json\/wp\/v2\/types\/product"}],"wp:featuredmedia":[{"embeddable":true,"href":"https:\/\/shop.moldbrotherspastry.com\/es\/wp-json\/wp\/v2\/media\/162837"}],"wp:attachment":[{"href":"https:\/\/shop.moldbrotherspastry.com\/es\/wp-json\/wp\/v2\/media?parent=163095"}],"wp:term":[{"taxonomy":"product_brand","embeddable":true,"href":"https:\/\/shop.moldbrotherspastry.com\/es\/wp-json\/wp\/v2\/product_brand?post=163095"},{"taxonomy":"product_cat","embeddable":true,"href":"https:\/\/shop.moldbrotherspastry.com\/es\/wp-json\/wp\/v2\/product_cat?post=163095"},{"taxonomy":"product_tag","embeddable":true,"href":"https:\/\/shop.moldbrotherspastry.com\/es\/wp-json\/wp\/v2\/product_tag?post=163095"}],"curies":[{"name":"wp","href":"https:\/\/api.w.org\/{rel}","templated":true}]}}