{"id":163109,"date":"2024-10-15T14:03:53","date_gmt":"2024-10-15T12:03:53","guid":{"rendered":"https:\/\/shop.moldbrotherspastry.com\/?post_type=product&#038;p=163109"},"modified":"2024-11-01T09:20:11","modified_gmt":"2024-11-01T08:20:11","slug":"plating-set","status":"publish","type":"product","link":"https:\/\/shop.moldbrotherspastry.com\/es\/producto\/plating-set\/","title":{"rendered":"Juego de placas"},"content":{"rendered":"","protected":false},"excerpt":{"rendered":"<p>Descubra nuestra colecci\u00f3n premium de utensilios de cocina met\u00e1licos de alta calidad, que incluye una vers\u00e1til esp\u00e1tula, dos cucharas de quenelle y dos pinzas. \u00a1Perfectamente embalados en una funda para que siempre est\u00e9n bien guardados!<\/p>\n<p><strong>Cuchillo de paleta:<\/strong> 9cm<br \/>\n<strong>Cuchara Quenelle peque\u00f1a:<\/strong> 4,5 cm<br \/>\n<strong>Cuchara Quenelle grande<\/strong>: 7 cm<br \/>\n<strong>Pinza peque\u00f1a:<\/strong> 8cm<br \/>\n<strong>Pinza grande:<\/strong> 10 cent\u00edmetros<\/p>","protected":false},"featured_media":163112,"template":"","meta":{"_seopress_robots_primary_cat":"none","_seopress_titles_title":"","_seopress_titles_desc":"","_seopress_robots_index":""},"product_brand":[],"product_cat":[880],"product_tag":[],"class_list":{"0":"post-163109","1":"product","2":"type-product","3":"status-publish","4":"has-post-thumbnail","6":"product_cat-tools","8":"first","9":"instock","10":"taxable","11":"shipping-taxable","12":"purchasable","13":"product-type-simple"},"_links":{"self":[{"href":"https:\/\/shop.moldbrotherspastry.com\/es\/wp-json\/wp\/v2\/product\/163109","targetHints":{"allow":["GET"]}}],"collection":[{"href":"https:\/\/shop.moldbrotherspastry.com\/es\/wp-json\/wp\/v2\/product"}],"about":[{"href":"https:\/\/shop.moldbrotherspastry.com\/es\/wp-json\/wp\/v2\/types\/product"}],"wp:featuredmedia":[{"embeddable":true,"href":"https:\/\/shop.moldbrotherspastry.com\/es\/wp-json\/wp\/v2\/media\/163112"}],"wp:attachment":[{"href":"https:\/\/shop.moldbrotherspastry.com\/es\/wp-json\/wp\/v2\/media?parent=163109"}],"wp:term":[{"taxonomy":"product_brand","embeddable":true,"href":"https:\/\/shop.moldbrotherspastry.com\/es\/wp-json\/wp\/v2\/product_brand?post=163109"},{"taxonomy":"product_cat","embeddable":true,"href":"https:\/\/shop.moldbrotherspastry.com\/es\/wp-json\/wp\/v2\/product_cat?post=163109"},{"taxonomy":"product_tag","embeddable":true,"href":"https:\/\/shop.moldbrotherspastry.com\/es\/wp-json\/wp\/v2\/product_tag?post=163109"}],"curies":[{"name":"wp","href":"https:\/\/api.w.org\/{rel}","templated":true}]}}