{"id":170984,"date":"2025-04-22T16:55:30","date_gmt":"2025-04-22T14:55:30","guid":{"rendered":"https:\/\/shop.moldbrotherspastry.com\/?post_type=product&#038;p=170984"},"modified":"2025-06-02T13:58:16","modified_gmt":"2025-06-02T11:58:16","slug":"linea-cake-molds","status":"publish","type":"product","link":"https:\/\/shop.moldbrotherspastry.com\/es\/producto\/linea-cake-molds\/","title":{"rendered":"Tarta Lin\u00e9a Molds"},"content":{"rendered":"","protected":false},"excerpt":{"rendered":"<p>Un molde de silicona de alta calidad con forma de tarta 'b\u00e1sica' abstracta con un dibujo rayado en los laterales, acompa\u00f1ado de un molde cake topper a juego para la incrustaci\u00f3n de la parte superior. Estos moldes presentan formas \u00fanicas y est\u00e1n todos hechos de silicona alimentaria 100%.<\/p>\n<p>Estos moldes pueden soportar temperaturas que oscilan entre -40 \u00b0C y +200 \u00b0C, por lo que son aptos para su uso tanto en congeladores (de choque) como en hornos.<\/p>","protected":false},"featured_media":170970,"template":"","meta":{"_seopress_robots_primary_cat":"none","_seopress_titles_title":"","_seopress_titles_desc":"","_seopress_robots_index":""},"product_brand":[],"product_cat":[170,362],"product_tag":[],"class_list":{"0":"post-170984","1":"product","2":"type-product","3":"status-publish","4":"has-post-thumbnail","6":"product_cat-cakes","7":"product_cat-cake-toppers","9":"first","10":"instock","11":"sale","12":"taxable","13":"shipping-taxable","14":"product-type-grouped"},"_links":{"self":[{"href":"https:\/\/shop.moldbrotherspastry.com\/es\/wp-json\/wp\/v2\/product\/170984","targetHints":{"allow":["GET"]}}],"collection":[{"href":"https:\/\/shop.moldbrotherspastry.com\/es\/wp-json\/wp\/v2\/product"}],"about":[{"href":"https:\/\/shop.moldbrotherspastry.com\/es\/wp-json\/wp\/v2\/types\/product"}],"wp:featuredmedia":[{"embeddable":true,"href":"https:\/\/shop.moldbrotherspastry.com\/es\/wp-json\/wp\/v2\/media\/170970"}],"wp:attachment":[{"href":"https:\/\/shop.moldbrotherspastry.com\/es\/wp-json\/wp\/v2\/media?parent=170984"}],"wp:term":[{"taxonomy":"product_brand","embeddable":true,"href":"https:\/\/shop.moldbrotherspastry.com\/es\/wp-json\/wp\/v2\/product_brand?post=170984"},{"taxonomy":"product_cat","embeddable":true,"href":"https:\/\/shop.moldbrotherspastry.com\/es\/wp-json\/wp\/v2\/product_cat?post=170984"},{"taxonomy":"product_tag","embeddable":true,"href":"https:\/\/shop.moldbrotherspastry.com\/es\/wp-json\/wp\/v2\/product_tag?post=170984"}],"curies":[{"name":"wp","href":"https:\/\/api.w.org\/{rel}","templated":true}]}}