{"id":173083,"date":"2025-06-16T11:17:14","date_gmt":"2025-06-16T09:17:14","guid":{"rendered":"https:\/\/shop.moldbrotherspastry.com\/?post_type=product&#038;p=173083"},"modified":"2025-08-15T12:09:04","modified_gmt":"2025-08-15T10:09:04","slug":"spiral-viennoiserie-tool","status":"publish","type":"product","link":"https:\/\/shop.moldbrotherspastry.com\/es\/producto\/spiral-viennoiserie-tool\/","title":{"rendered":"Spiral Viennoiserie Tools"},"content":{"rendered":"","protected":false},"excerpt":{"rendered":"<p>Este utensilio de viennoiserie de aluminio de alta calidad est\u00e1 dise\u00f1ado para cortar la masa de croissant en capas en forma de espiral con precisi\u00f3n y facilidad. \u00bfEl resultado? Una hermosa base de masa retorcida para su pr\u00f3xima creaci\u00f3n de croissant. Vers\u00e1til en su uso, ofrece varias posibilidades creativas.<\/p>\n<p>\u00bfQuiere verlo en acci\u00f3n? [Haga clic aqu\u00ed]<\/p>","protected":false},"featured_media":173076,"template":"","meta":{"_seopress_robots_primary_cat":"none","_seopress_titles_title":"","_seopress_titles_desc":"","_seopress_robots_index":""},"product_brand":[],"product_cat":[888,231],"product_tag":[],"class_list":{"0":"post-173083","1":"product","2":"type-product","3":"status-publish","4":"has-post-thumbnail","6":"product_cat-viennoiserie-tools","7":"product_cat-hidden","9":"first","10":"instock","11":"taxable","12":"shipping-taxable","13":"product-type-grouped"},"_links":{"self":[{"href":"https:\/\/shop.moldbrotherspastry.com\/es\/wp-json\/wp\/v2\/product\/173083","targetHints":{"allow":["GET"]}}],"collection":[{"href":"https:\/\/shop.moldbrotherspastry.com\/es\/wp-json\/wp\/v2\/product"}],"about":[{"href":"https:\/\/shop.moldbrotherspastry.com\/es\/wp-json\/wp\/v2\/types\/product"}],"wp:featuredmedia":[{"embeddable":true,"href":"https:\/\/shop.moldbrotherspastry.com\/es\/wp-json\/wp\/v2\/media\/173076"}],"wp:attachment":[{"href":"https:\/\/shop.moldbrotherspastry.com\/es\/wp-json\/wp\/v2\/media?parent=173083"}],"wp:term":[{"taxonomy":"product_brand","embeddable":true,"href":"https:\/\/shop.moldbrotherspastry.com\/es\/wp-json\/wp\/v2\/product_brand?post=173083"},{"taxonomy":"product_cat","embeddable":true,"href":"https:\/\/shop.moldbrotherspastry.com\/es\/wp-json\/wp\/v2\/product_cat?post=173083"},{"taxonomy":"product_tag","embeddable":true,"href":"https:\/\/shop.moldbrotherspastry.com\/es\/wp-json\/wp\/v2\/product_tag?post=173083"}],"curies":[{"name":"wp","href":"https:\/\/api.w.org\/{rel}","templated":true}]}}