{"id":187801,"date":"2026-03-02T11:48:40","date_gmt":"2026-03-02T10:48:40","guid":{"rendered":"https:\/\/shop.moldbrotherspastry.com\/?post_type=product&#038;p=187801"},"modified":"2026-03-27T13:18:03","modified_gmt":"2026-03-27T12:18:03","slug":"apple-pie-topper-1pc","status":"publish","type":"product","link":"https:\/\/shop.moldbrotherspastry.com\/es\/producto\/apple-pie-topper-1pc\/","title":{"rendered":"Apple Pie Topper Mold (1 ud.)"},"content":{"rendered":"","protected":false},"excerpt":{"rendered":"<p>Un molde de silicona de alta calidad para crear el toque final perfecto para su tarta. Inspirado en la tarta m\u00e1s emblem\u00e1tica de los Pa\u00edses Bajos, la \u201cappeltaart\u201d (tarta de manzana), este es nuestro homenaje a este cl\u00e1sico. El molde tiene una sola cavidad y est\u00e1 hecho de silicona alimentaria 100%.<\/p>\n<p>Este molde es capaz de soportar temperaturas que oscilan entre -40\u00b0C y +200\u00b0C, por lo que es adecuado para su uso tanto en congeladores (de choque) como en hornos.<\/p>","protected":false},"featured_media":187802,"template":"","meta":{"_seopress_robots_primary_cat":"none","_seopress_titles_title":"","_seopress_titles_desc":"","_seopress_robots_index":"yes"},"product_brand":[],"product_cat":[362,231],"product_tag":[],"class_list":{"0":"post-187801","1":"product","2":"type-product","3":"status-publish","4":"has-post-thumbnail","6":"product_cat-cake-toppers","7":"product_cat-hidden","9":"first","10":"outofstock","11":"taxable","12":"shipping-taxable","13":"purchasable","14":"product-type-simple"},"_links":{"self":[{"href":"https:\/\/shop.moldbrotherspastry.com\/es\/wp-json\/wp\/v2\/product\/187801","targetHints":{"allow":["GET"]}}],"collection":[{"href":"https:\/\/shop.moldbrotherspastry.com\/es\/wp-json\/wp\/v2\/product"}],"about":[{"href":"https:\/\/shop.moldbrotherspastry.com\/es\/wp-json\/wp\/v2\/types\/product"}],"wp:featuredmedia":[{"embeddable":true,"href":"https:\/\/shop.moldbrotherspastry.com\/es\/wp-json\/wp\/v2\/media\/187802"}],"wp:attachment":[{"href":"https:\/\/shop.moldbrotherspastry.com\/es\/wp-json\/wp\/v2\/media?parent=187801"}],"wp:term":[{"taxonomy":"product_brand","embeddable":true,"href":"https:\/\/shop.moldbrotherspastry.com\/es\/wp-json\/wp\/v2\/product_brand?post=187801"},{"taxonomy":"product_cat","embeddable":true,"href":"https:\/\/shop.moldbrotherspastry.com\/es\/wp-json\/wp\/v2\/product_cat?post=187801"},{"taxonomy":"product_tag","embeddable":true,"href":"https:\/\/shop.moldbrotherspastry.com\/es\/wp-json\/wp\/v2\/product_tag?post=187801"}],"curies":[{"name":"wp","href":"https:\/\/api.w.org\/{rel}","templated":true}]}}