{"id":188980,"date":"2026-03-18T10:24:40","date_gmt":"2026-03-18T09:24:40","guid":{"rendered":"https:\/\/shop.moldbrotherspastry.com\/?post_type=product&#038;p=188980"},"modified":"2026-03-18T11:45:18","modified_gmt":"2026-03-18T10:45:18","slug":"layer-frames-large","status":"publish","type":"product","link":"https:\/\/shop.moldbrotherspastry.com\/es\/producto\/layer-frames-large\/","title":{"rendered":"Layer Frames Large"},"content":{"rendered":"","protected":false},"excerpt":{"rendered":"<p>Un kit de marcos s\u00f3lido y de alta calidad dise\u00f1ado para creaciones en capas como mantequilla, ganache, marbr\u00e9, p\u00e2te de fruit y mucho m\u00e1s. Se empieza con la base y luego se a\u00f1aden uno o varios marcos para crear capas ordenadas y uniformes. Es f\u00e1cil de usar y tiene un aspecto estupendo, por lo que es perfecto para cualquiera que desee que su trabajo tenga un sabor y un aspecto de primera.<\/p>","protected":false},"featured_media":188971,"template":"","meta":{"_seopress_robots_primary_cat":"none","_seopress_titles_title":"","_seopress_titles_desc":"","_seopress_robots_index":""},"product_brand":[],"product_cat":[880],"product_tag":[],"class_list":{"0":"post-188980","1":"product","2":"type-product","3":"status-publish","4":"has-post-thumbnail","6":"product_cat-tools","8":"first","9":"instock","10":"sale","11":"taxable","12":"shipping-taxable","13":"product-type-grouped"},"_links":{"self":[{"href":"https:\/\/shop.moldbrotherspastry.com\/es\/wp-json\/wp\/v2\/product\/188980","targetHints":{"allow":["GET"]}}],"collection":[{"href":"https:\/\/shop.moldbrotherspastry.com\/es\/wp-json\/wp\/v2\/product"}],"about":[{"href":"https:\/\/shop.moldbrotherspastry.com\/es\/wp-json\/wp\/v2\/types\/product"}],"wp:featuredmedia":[{"embeddable":true,"href":"https:\/\/shop.moldbrotherspastry.com\/es\/wp-json\/wp\/v2\/media\/188971"}],"wp:attachment":[{"href":"https:\/\/shop.moldbrotherspastry.com\/es\/wp-json\/wp\/v2\/media?parent=188980"}],"wp:term":[{"taxonomy":"product_brand","embeddable":true,"href":"https:\/\/shop.moldbrotherspastry.com\/es\/wp-json\/wp\/v2\/product_brand?post=188980"},{"taxonomy":"product_cat","embeddable":true,"href":"https:\/\/shop.moldbrotherspastry.com\/es\/wp-json\/wp\/v2\/product_cat?post=188980"},{"taxonomy":"product_tag","embeddable":true,"href":"https:\/\/shop.moldbrotherspastry.com\/es\/wp-json\/wp\/v2\/product_tag?post=188980"}],"curies":[{"name":"wp","href":"https:\/\/api.w.org\/{rel}","templated":true}]}}