{"id":162997,"date":"2024-12-01T14:40:24","date_gmt":"2024-12-01T13:40:24","guid":{"rendered":"https:\/\/shop.moldbrotherspastry.com\/?post_type=product&#038;p=162997"},"modified":"2025-06-05T09:15:36","modified_gmt":"2025-06-05T07:15:36","slug":"sides-singular-molds","status":"publish","type":"product","link":"https:\/\/shop.moldbrotherspastry.com\/fr\/produit\/sides-singular-molds\/","title":{"rendered":"C\u00f4t\u00e9s Singulier Molds"},"content":{"rendered":"","protected":false},"excerpt":{"rendered":"<p>Ce moule en silicone de haute qualit\u00e9 est parfait pour pr\u00e9parer des p\u00e2tisseries en portions individuelles. Il a la forme d'une p\u00e2tisserie horizontale passepoil\u00e9e, avec une incrustation. Fabriqu\u00e9 en silicone alimentaire 100%, il peut \u00eatre utilis\u00e9 au four et au r\u00e9frig\u00e9rateur \u00e0 air puls\u00e9, \u00e0 des temp\u00e9ratures allant de -40\u00b0C \u00e0 +200\u00b0C.<\/p>","protected":false},"featured_media":163392,"template":"","meta":{"_seopress_robots_primary_cat":"none","_seopress_titles_title":"","_seopress_titles_desc":"","_seopress_robots_index":""},"product_brand":[],"product_cat":[159],"product_tag":[],"class_list":{"0":"post-162997","1":"product","2":"type-product","3":"status-publish","4":"has-post-thumbnail","6":"product_cat-singulars","8":"first","9":"instock","10":"sale","11":"taxable","12":"shipping-taxable","13":"product-type-grouped"},"_links":{"self":[{"href":"https:\/\/shop.moldbrotherspastry.com\/fr\/wp-json\/wp\/v2\/product\/162997","targetHints":{"allow":["GET"]}}],"collection":[{"href":"https:\/\/shop.moldbrotherspastry.com\/fr\/wp-json\/wp\/v2\/product"}],"about":[{"href":"https:\/\/shop.moldbrotherspastry.com\/fr\/wp-json\/wp\/v2\/types\/product"}],"wp:featuredmedia":[{"embeddable":true,"href":"https:\/\/shop.moldbrotherspastry.com\/fr\/wp-json\/wp\/v2\/media\/163392"}],"wp:attachment":[{"href":"https:\/\/shop.moldbrotherspastry.com\/fr\/wp-json\/wp\/v2\/media?parent=162997"}],"wp:term":[{"taxonomy":"product_brand","embeddable":true,"href":"https:\/\/shop.moldbrotherspastry.com\/fr\/wp-json\/wp\/v2\/product_brand?post=162997"},{"taxonomy":"product_cat","embeddable":true,"href":"https:\/\/shop.moldbrotherspastry.com\/fr\/wp-json\/wp\/v2\/product_cat?post=162997"},{"taxonomy":"product_tag","embeddable":true,"href":"https:\/\/shop.moldbrotherspastry.com\/fr\/wp-json\/wp\/v2\/product_tag?post=162997"}],"curies":[{"name":"wp","href":"https:\/\/api.w.org\/{rel}","templated":true}]}}