{"id":163348,"date":"2024-10-17T14:50:00","date_gmt":"2024-10-17T12:50:00","guid":{"rendered":"https:\/\/shop.moldbrotherspastry.com\/?post_type=product&#038;p=163348"},"modified":"2025-04-24T10:50:09","modified_gmt":"2025-04-24T08:50:09","slug":"charlotte-singular-molds","status":"publish","type":"product","link":"https:\/\/shop.moldbrotherspastry.com\/fr\/produit\/charlotte-singular-molds\/","title":{"rendered":"Charlotte Singular Molds"},"content":{"rendered":"<div class=\"wp-block-columns is-layout-flex wp-container-core-columns-is-layout-9d6595d7 wp-block-columns-is-layout-flex\">\n<div class=\"wp-block-column is-vertically-aligned-center is-layout-flow wp-block-column-is-layout-flow\" style=\"flex-basis:50%\">\n<figure class=\"wp-block-image size-full\"><a href=\"https:\/\/shop.moldbrotherspastry.com\/wp-content\/uploads\/2024\/10\/40f504d8-aaaa-44ff-b79b-006d3a8a5fb9_rw_3840-scaled.jpg\"><img loading=\"lazy\" decoding=\"async\" width=\"2191\" height=\"2560\" src=\"https:\/\/shop.moldbrotherspastry.com\/wp-content\/uploads\/2024\/10\/40f504d8-aaaa-44ff-b79b-006d3a8a5fb9_rw_3840-scaled.jpg\" alt=\"\" class=\"wp-image-163530\" srcset=\"https:\/\/shop.moldbrotherspastry.com\/wp-content\/uploads\/2024\/10\/40f504d8-aaaa-44ff-b79b-006d3a8a5fb9_rw_3840-scaled.jpg 2191w, https:\/\/shop.moldbrotherspastry.com\/wp-content\/uploads\/2024\/10\/40f504d8-aaaa-44ff-b79b-006d3a8a5fb9_rw_3840-768x897.jpg 768w, https:\/\/shop.moldbrotherspastry.com\/wp-content\/uploads\/2024\/10\/40f504d8-aaaa-44ff-b79b-006d3a8a5fb9_rw_3840-1315x1536.jpg 1315w, https:\/\/shop.moldbrotherspastry.com\/wp-content\/uploads\/2024\/10\/40f504d8-aaaa-44ff-b79b-006d3a8a5fb9_rw_3840-1753x2048.jpg 1753w, https:\/\/shop.moldbrotherspastry.com\/wp-content\/uploads\/2024\/10\/40f504d8-aaaa-44ff-b79b-006d3a8a5fb9_rw_3840-10x12.jpg 10w, https:\/\/shop.moldbrotherspastry.com\/wp-content\/uploads\/2024\/10\/40f504d8-aaaa-44ff-b79b-006d3a8a5fb9_rw_3840-1024x1196.jpg 1024w\" sizes=\"auto, (max-width: 2191px) 100vw, 2191px\" \/><\/a><\/figure>\n<\/div>\n\n\n\n<div class=\"wp-block-column is-layout-flow wp-block-column-is-layout-flow\" style=\"flex-basis:35.09%\">\n<h6 class=\"wp-block-heading\">Collaboration<\/h6>\n\n\n\n<h2 class=\"wp-block-heading\">\u00c0 propos de Dimitri<\/h2>\n\n\n\n<p><br><br>Dimitri Esposito est un c\u00e9l\u00e8bre chef p\u00e2tissier et chocolatier fran\u00e7ais, r\u00e9put\u00e9 pour ses comp\u00e9tences et sa cr\u00e9ativit\u00e9 exceptionnelles dans le monde de la confiserie. Originaire de Marseille, en France, il a suivi une formation approfondie en techniques culinaires avanc\u00e9es chez Les Compagnons Du Devoir, o\u00f9 il s'est sp\u00e9cialis\u00e9 dans la p\u00e2tisserie et la chocolaterie. Il y a quelques ann\u00e9es, nous avons cr\u00e9\u00e9 avec lui le premier design de la p\u00e2tisserie Charlotte, que nous avons remis au go\u00fbt du jour avec la relance de la p\u00e2tisserie MoldBrothers !<\/p>\n<\/div>\n<\/div>\n\n\n\n<p><\/p>","protected":false},"excerpt":{"rendered":"<p>Ce moule en silicone de haute qualit\u00e9 est parfait pour pr\u00e9parer des p\u00e2tisseries en portions individuelles, sur le mod\u00e8le de la p\u00e2tisserie Charlotte classique. Fabriqu\u00e9 en silicone alimentaire 100%, il peut \u00eatre utilis\u00e9 au four et au r\u00e9frig\u00e9rateur \u00e0 air puls\u00e9, \u00e0 des temp\u00e9ratures allant de -40\u00b0C \u00e0 +200\u00b0C.<\/p>","protected":false},"featured_media":162787,"template":"","meta":{"_seopress_robots_primary_cat":"none","_seopress_titles_title":"","_seopress_titles_desc":"","_seopress_robots_index":""},"product_brand":[],"product_cat":[159],"product_tag":[],"class_list":{"0":"post-163348","1":"product","2":"type-product","3":"status-publish","4":"has-post-thumbnail","6":"product_cat-singulars","8":"first","9":"instock","10":"sale","11":"taxable","12":"shipping-taxable","13":"product-type-grouped"},"_links":{"self":[{"href":"https:\/\/shop.moldbrotherspastry.com\/fr\/wp-json\/wp\/v2\/product\/163348","targetHints":{"allow":["GET"]}}],"collection":[{"href":"https:\/\/shop.moldbrotherspastry.com\/fr\/wp-json\/wp\/v2\/product"}],"about":[{"href":"https:\/\/shop.moldbrotherspastry.com\/fr\/wp-json\/wp\/v2\/types\/product"}],"wp:featuredmedia":[{"embeddable":true,"href":"https:\/\/shop.moldbrotherspastry.com\/fr\/wp-json\/wp\/v2\/media\/162787"}],"wp:attachment":[{"href":"https:\/\/shop.moldbrotherspastry.com\/fr\/wp-json\/wp\/v2\/media?parent=163348"}],"wp:term":[{"taxonomy":"product_brand","embeddable":true,"href":"https:\/\/shop.moldbrotherspastry.com\/fr\/wp-json\/wp\/v2\/product_brand?post=163348"},{"taxonomy":"product_cat","embeddable":true,"href":"https:\/\/shop.moldbrotherspastry.com\/fr\/wp-json\/wp\/v2\/product_cat?post=163348"},{"taxonomy":"product_tag","embeddable":true,"href":"https:\/\/shop.moldbrotherspastry.com\/fr\/wp-json\/wp\/v2\/product_tag?post=163348"}],"curies":[{"name":"wp","href":"https:\/\/api.w.org\/{rel}","templated":true}]}}