{"id":169123,"date":"2025-08-14T10:22:44","date_gmt":"2025-08-14T08:22:44","guid":{"rendered":"https:\/\/shop.moldbrotherspastry.com\/?post_type=product&#038;p=169123"},"modified":"2025-08-18T11:42:00","modified_gmt":"2025-08-18T09:42:00","slug":"flan-feuilletee-singular-mold","status":"publish","type":"product","link":"https:\/\/shop.moldbrotherspastry.com\/fr\/produit\/flan-feuilletee-singular-mold\/","title":{"rendered":"Flan Feuillet\u00e9e Singular Mold"},"content":{"rendered":"","protected":false},"excerpt":{"rendered":"<p>Ce moule en silicone de haute qualit\u00e9 est parfait pour pr\u00e9parer des p\u00e2tisseries en portions individuelles, en forme de <em>Flan Feuillet\u00e9e<\/em>. Fabriqu\u00e9 en silicone alimentaire 100%, il peut \u00eatre utilis\u00e9 aussi bien au four qu'au r\u00e9frig\u00e9rateur \u00e0 air puls\u00e9, \u00e0 des temp\u00e9ratures allant de -40\u00b0C \u00e0 +200\u00b0C.<\/p>","protected":false},"featured_media":172619,"template":"","meta":{"_seopress_robots_primary_cat":"none","_seopress_titles_title":"","_seopress_titles_desc":"","_seopress_robots_index":""},"product_brand":[],"product_cat":[184],"product_tag":[],"class_list":{"0":"post-169123","1":"product","2":"type-product","3":"status-publish","4":"has-post-thumbnail","6":"product_cat-highlighted-products","8":"first","9":"instock","10":"sale","11":"taxable","12":"shipping-taxable","13":"product-type-grouped"},"_links":{"self":[{"href":"https:\/\/shop.moldbrotherspastry.com\/fr\/wp-json\/wp\/v2\/product\/169123","targetHints":{"allow":["GET"]}}],"collection":[{"href":"https:\/\/shop.moldbrotherspastry.com\/fr\/wp-json\/wp\/v2\/product"}],"about":[{"href":"https:\/\/shop.moldbrotherspastry.com\/fr\/wp-json\/wp\/v2\/types\/product"}],"wp:featuredmedia":[{"embeddable":true,"href":"https:\/\/shop.moldbrotherspastry.com\/fr\/wp-json\/wp\/v2\/media\/172619"}],"wp:attachment":[{"href":"https:\/\/shop.moldbrotherspastry.com\/fr\/wp-json\/wp\/v2\/media?parent=169123"}],"wp:term":[{"taxonomy":"product_brand","embeddable":true,"href":"https:\/\/shop.moldbrotherspastry.com\/fr\/wp-json\/wp\/v2\/product_brand?post=169123"},{"taxonomy":"product_cat","embeddable":true,"href":"https:\/\/shop.moldbrotherspastry.com\/fr\/wp-json\/wp\/v2\/product_cat?post=169123"},{"taxonomy":"product_tag","embeddable":true,"href":"https:\/\/shop.moldbrotherspastry.com\/fr\/wp-json\/wp\/v2\/product_tag?post=169123"}],"curies":[{"name":"wp","href":"https:\/\/api.w.org\/{rel}","templated":true}]}}