{"id":169130,"date":"2025-10-14T14:03:36","date_gmt":"2025-10-14T12:03:36","guid":{"rendered":"https:\/\/shop.moldbrotherspastry.com\/?post_type=product&#038;p=169130"},"modified":"2025-12-03T09:18:15","modified_gmt":"2025-12-03T08:18:15","slug":"galette-cake-mold","status":"publish","type":"product","link":"https:\/\/shop.moldbrotherspastry.com\/fr\/produit\/galette-cake-mold\/","title":{"rendered":"Galette Cake Mold"},"content":{"rendered":"","protected":false},"excerpt":{"rendered":"<p>Ce moule en silicone de haute qualit\u00e9 est parfait pour r\u00e9aliser une p\u00e2tisserie inspir\u00e9e de la Galette des Rois. Fabriqu\u00e9 en silicone alimentaire 100%, il peut \u00eatre utilis\u00e9 au four et au r\u00e9frig\u00e9rateur \u00e0 air puls\u00e9, \u00e0 des temp\u00e9ratures allant de -40\u00b0C \u00e0 +200\u00b0C.<\/p>","protected":false},"featured_media":178761,"template":"","meta":{"_seopress_robots_primary_cat":"none","_seopress_titles_title":"","_seopress_titles_desc":"","_seopress_robots_index":""},"product_brand":[],"product_cat":[170,456],"product_tag":[],"class_list":{"0":"post-169130","1":"product","2":"type-product","3":"status-publish","4":"has-post-thumbnail","6":"product_cat-cakes","7":"product_cat-highlights","9":"first","10":"instock","11":"sale","12":"taxable","13":"shipping-taxable","14":"product-type-grouped"},"_links":{"self":[{"href":"https:\/\/shop.moldbrotherspastry.com\/fr\/wp-json\/wp\/v2\/product\/169130","targetHints":{"allow":["GET"]}}],"collection":[{"href":"https:\/\/shop.moldbrotherspastry.com\/fr\/wp-json\/wp\/v2\/product"}],"about":[{"href":"https:\/\/shop.moldbrotherspastry.com\/fr\/wp-json\/wp\/v2\/types\/product"}],"wp:featuredmedia":[{"embeddable":true,"href":"https:\/\/shop.moldbrotherspastry.com\/fr\/wp-json\/wp\/v2\/media\/178761"}],"wp:attachment":[{"href":"https:\/\/shop.moldbrotherspastry.com\/fr\/wp-json\/wp\/v2\/media?parent=169130"}],"wp:term":[{"taxonomy":"product_brand","embeddable":true,"href":"https:\/\/shop.moldbrotherspastry.com\/fr\/wp-json\/wp\/v2\/product_brand?post=169130"},{"taxonomy":"product_cat","embeddable":true,"href":"https:\/\/shop.moldbrotherspastry.com\/fr\/wp-json\/wp\/v2\/product_cat?post=169130"},{"taxonomy":"product_tag","embeddable":true,"href":"https:\/\/shop.moldbrotherspastry.com\/fr\/wp-json\/wp\/v2\/product_tag?post=169130"}],"curies":[{"name":"wp","href":"https:\/\/api.w.org\/{rel}","templated":true}]}}