{"id":172084,"date":"2025-05-15T21:30:34","date_gmt":"2025-05-15T19:30:34","guid":{"rendered":"https:\/\/shop.moldbrotherspastry.com\/?post_type=product&#038;p=172084"},"modified":"2026-02-23T10:41:51","modified_gmt":"2026-02-23T09:41:51","slug":"mille-feuille-silversil-mold","status":"publish","type":"product","link":"https:\/\/shop.moldbrotherspastry.com\/fr\/produit\/mille-feuille-silversil-mold\/","title":{"rendered":"Mille-feuille SilverSil Mold"},"content":{"rendered":"","protected":false},"excerpt":{"rendered":"<p>Un moule SilverSil de haute qualit\u00e9 pour produire de fines croustades ondul\u00e9es avec des r\u00e9sultats constants. Le silicone offre une excellente conduction de la chaleur, garantissant une cuisson homog\u00e8ne. Fabriqu\u00e9 en silicone alimentaire 100%, le moule est durable et fiable pour une utilisation \u00e0 long terme dans la cuisine p\u00e2tissi\u00e8re professionnelle.<\/p>\n<p>R\u00e9sistant \u00e0 des temp\u00e9ratures allant de -40\u00b0C \u00e0 +250\u00b0C, il peut \u00eatre utilis\u00e9 dans les cong\u00e9lateurs (chocs) et les fours.<\/p>","protected":false},"featured_media":172090,"template":"","meta":{"_seopress_robots_primary_cat":"none","_seopress_titles_title":"","_seopress_titles_desc":"","_seopress_robots_index":""},"product_brand":[],"product_cat":[880],"product_tag":[],"class_list":{"0":"post-172084","1":"product","2":"type-product","3":"status-publish","4":"has-post-thumbnail","6":"product_cat-tools","8":"first","9":"instock","10":"taxable","11":"shipping-taxable","12":"purchasable","13":"product-type-simple"},"_links":{"self":[{"href":"https:\/\/shop.moldbrotherspastry.com\/fr\/wp-json\/wp\/v2\/product\/172084","targetHints":{"allow":["GET"]}}],"collection":[{"href":"https:\/\/shop.moldbrotherspastry.com\/fr\/wp-json\/wp\/v2\/product"}],"about":[{"href":"https:\/\/shop.moldbrotherspastry.com\/fr\/wp-json\/wp\/v2\/types\/product"}],"wp:featuredmedia":[{"embeddable":true,"href":"https:\/\/shop.moldbrotherspastry.com\/fr\/wp-json\/wp\/v2\/media\/172090"}],"wp:attachment":[{"href":"https:\/\/shop.moldbrotherspastry.com\/fr\/wp-json\/wp\/v2\/media?parent=172084"}],"wp:term":[{"taxonomy":"product_brand","embeddable":true,"href":"https:\/\/shop.moldbrotherspastry.com\/fr\/wp-json\/wp\/v2\/product_brand?post=172084"},{"taxonomy":"product_cat","embeddable":true,"href":"https:\/\/shop.moldbrotherspastry.com\/fr\/wp-json\/wp\/v2\/product_cat?post=172084"},{"taxonomy":"product_tag","embeddable":true,"href":"https:\/\/shop.moldbrotherspastry.com\/fr\/wp-json\/wp\/v2\/product_tag?post=172084"}],"curies":[{"name":"wp","href":"https:\/\/api.w.org\/{rel}","templated":true}]}}