{"id":173086,"date":"2025-06-12T09:58:51","date_gmt":"2025-06-12T07:58:51","guid":{"rendered":"https:\/\/shop.moldbrotherspastry.com\/?post_type=product&#038;p=173086"},"modified":"2026-02-26T08:03:31","modified_gmt":"2026-02-26T07:03:31","slug":"flower-viennoiserie-tools","status":"publish","type":"product","link":"https:\/\/shop.moldbrotherspastry.com\/fr\/produit\/flower-viennoiserie-tools\/","title":{"rendered":"Flower Viennoiserie Tools"},"content":{"rendered":"","protected":false},"excerpt":{"rendered":"<p>Cet outil de viennoiserie en aluminium de haute qualit\u00e9 coupe votre p\u00e2te \u00e0 croissant en une spirale nette, rapidement et avec pr\u00e9cision. Le r\u00e9sultat ? Une base joliment torsad\u00e9e, parfaite pour votre prochain croissant signature. Il est \u00e9galement polyvalent et offre de nombreuses options cr\u00e9atives. Pensez aux croissants en forme de fleur, etc.<\/p>\n<p>Curieux de le voir en action ? <a href=\"https:\/\/www.instagram.com\/p\/DLAATvHMDrM\/\">[Cliquez ici].<\/a><\/p>","protected":false},"featured_media":173077,"template":"","meta":{"_seopress_robots_primary_cat":"none","_seopress_titles_title":"","_seopress_titles_desc":"","_seopress_robots_index":""},"product_brand":[],"product_cat":[888,884,184],"product_tag":[],"class_list":{"0":"post-173086","1":"product","2":"type-product","3":"status-publish","4":"has-post-thumbnail","6":"product_cat-viennoiserie-tools","7":"product_cat-cutters","8":"product_cat-highlighted-products","10":"first","11":"instock","12":"taxable","13":"shipping-taxable","14":"product-type-grouped"},"_links":{"self":[{"href":"https:\/\/shop.moldbrotherspastry.com\/fr\/wp-json\/wp\/v2\/product\/173086","targetHints":{"allow":["GET"]}}],"collection":[{"href":"https:\/\/shop.moldbrotherspastry.com\/fr\/wp-json\/wp\/v2\/product"}],"about":[{"href":"https:\/\/shop.moldbrotherspastry.com\/fr\/wp-json\/wp\/v2\/types\/product"}],"wp:featuredmedia":[{"embeddable":true,"href":"https:\/\/shop.moldbrotherspastry.com\/fr\/wp-json\/wp\/v2\/media\/173077"}],"wp:attachment":[{"href":"https:\/\/shop.moldbrotherspastry.com\/fr\/wp-json\/wp\/v2\/media?parent=173086"}],"wp:term":[{"taxonomy":"product_brand","embeddable":true,"href":"https:\/\/shop.moldbrotherspastry.com\/fr\/wp-json\/wp\/v2\/product_brand?post=173086"},{"taxonomy":"product_cat","embeddable":true,"href":"https:\/\/shop.moldbrotherspastry.com\/fr\/wp-json\/wp\/v2\/product_cat?post=173086"},{"taxonomy":"product_tag","embeddable":true,"href":"https:\/\/shop.moldbrotherspastry.com\/fr\/wp-json\/wp\/v2\/product_tag?post=173086"}],"curies":[{"name":"wp","href":"https:\/\/api.w.org\/{rel}","templated":true}]}}