{"id":173114,"date":"2025-06-12T10:09:31","date_gmt":"2025-06-12T08:09:31","guid":{"rendered":"https:\/\/shop.moldbrotherspastry.com\/?post_type=product&#038;p=173114"},"modified":"2026-02-26T08:03:18","modified_gmt":"2026-02-26T07:03:18","slug":"spiral-cutting-tool","status":"publish","type":"product","link":"https:\/\/shop.moldbrotherspastry.com\/fr\/produit\/spiral-cutting-tool\/","title":{"rendered":"Outil de coupe en spirale"},"content":{"rendered":"","protected":false},"excerpt":{"rendered":"<p>Cet outil de viennoiserie en aluminium de haute qualit\u00e9 est con\u00e7u pour d\u00e9couper votre p\u00e2te \u00e0 croissant en spirale avec pr\u00e9cision et facilit\u00e9. Le r\u00e9sultat ? Une base de p\u00e2te magnifiquement torsad\u00e9e pour votre prochaine cr\u00e9ation de croissant. Polyvalent, il offre de nombreuses possibilit\u00e9s cr\u00e9atives.<\/p>\n<p>Curieux de le voir en action ? [Cliquez ici]<\/p>","protected":false},"featured_media":173075,"template":"","meta":{"_seopress_robots_primary_cat":"none","_seopress_titles_title":"","_seopress_titles_desc":"","_seopress_robots_index":""},"product_brand":[],"product_cat":[888,884],"product_tag":[],"class_list":{"0":"post-173114","1":"product","2":"type-product","3":"status-publish","4":"has-post-thumbnail","6":"product_cat-viennoiserie-tools","7":"product_cat-cutters","9":"first","10":"instock","11":"taxable","12":"shipping-taxable","13":"purchasable","14":"product-type-simple"},"_links":{"self":[{"href":"https:\/\/shop.moldbrotherspastry.com\/fr\/wp-json\/wp\/v2\/product\/173114","targetHints":{"allow":["GET"]}}],"collection":[{"href":"https:\/\/shop.moldbrotherspastry.com\/fr\/wp-json\/wp\/v2\/product"}],"about":[{"href":"https:\/\/shop.moldbrotherspastry.com\/fr\/wp-json\/wp\/v2\/types\/product"}],"wp:featuredmedia":[{"embeddable":true,"href":"https:\/\/shop.moldbrotherspastry.com\/fr\/wp-json\/wp\/v2\/media\/173075"}],"wp:attachment":[{"href":"https:\/\/shop.moldbrotherspastry.com\/fr\/wp-json\/wp\/v2\/media?parent=173114"}],"wp:term":[{"taxonomy":"product_brand","embeddable":true,"href":"https:\/\/shop.moldbrotherspastry.com\/fr\/wp-json\/wp\/v2\/product_brand?post=173114"},{"taxonomy":"product_cat","embeddable":true,"href":"https:\/\/shop.moldbrotherspastry.com\/fr\/wp-json\/wp\/v2\/product_cat?post=173114"},{"taxonomy":"product_tag","embeddable":true,"href":"https:\/\/shop.moldbrotherspastry.com\/fr\/wp-json\/wp\/v2\/product_tag?post=173114"}],"curies":[{"name":"wp","href":"https:\/\/api.w.org\/{rel}","templated":true}]}}