{"id":173117,"date":"2025-06-12T10:20:33","date_gmt":"2025-06-12T08:20:33","guid":{"rendered":"https:\/\/shop.moldbrotherspastry.com\/?post_type=product&#038;p=173117"},"modified":"2025-11-06T16:09:42","modified_gmt":"2025-11-06T15:09:42","slug":"flower-cutting-tool","status":"publish","type":"product","link":"https:\/\/shop.moldbrotherspastry.com\/fr\/produit\/flower-cutting-tool\/","title":{"rendered":"Outil pour couper les fleurs"},"content":{"rendered":"","protected":false},"excerpt":{"rendered":"<p>Cet outil de viennoiserie en aluminium de haute qualit\u00e9 coupe votre p\u00e2te \u00e0 croissant en une spirale nette, rapidement et avec pr\u00e9cision. Le r\u00e9sultat ? Une base joliment torsad\u00e9e, parfaite pour votre prochain croissant signature. Il est \u00e9galement polyvalent et offre de nombreuses options cr\u00e9atives. Pensez aux croissants en forme de fleur, etc.<\/p>\n<p>Curieux de le voir en action ? [Cliquez ici]<\/p>","protected":false},"featured_media":173074,"template":"","meta":{"_seopress_robots_primary_cat":"none","_seopress_titles_title":"","_seopress_titles_desc":"","_seopress_robots_index":""},"product_brand":[],"product_cat":[888,231],"product_tag":[],"class_list":{"0":"post-173117","1":"product","2":"type-product","3":"status-publish","4":"has-post-thumbnail","6":"product_cat-viennoiserie-tools","7":"product_cat-hidden","9":"first","10":"instock","11":"taxable","12":"shipping-taxable","13":"purchasable","14":"product-type-simple"},"_links":{"self":[{"href":"https:\/\/shop.moldbrotherspastry.com\/fr\/wp-json\/wp\/v2\/product\/173117","targetHints":{"allow":["GET"]}}],"collection":[{"href":"https:\/\/shop.moldbrotherspastry.com\/fr\/wp-json\/wp\/v2\/product"}],"about":[{"href":"https:\/\/shop.moldbrotherspastry.com\/fr\/wp-json\/wp\/v2\/types\/product"}],"wp:featuredmedia":[{"embeddable":true,"href":"https:\/\/shop.moldbrotherspastry.com\/fr\/wp-json\/wp\/v2\/media\/173074"}],"wp:attachment":[{"href":"https:\/\/shop.moldbrotherspastry.com\/fr\/wp-json\/wp\/v2\/media?parent=173117"}],"wp:term":[{"taxonomy":"product_brand","embeddable":true,"href":"https:\/\/shop.moldbrotherspastry.com\/fr\/wp-json\/wp\/v2\/product_brand?post=173117"},{"taxonomy":"product_cat","embeddable":true,"href":"https:\/\/shop.moldbrotherspastry.com\/fr\/wp-json\/wp\/v2\/product_cat?post=173117"},{"taxonomy":"product_tag","embeddable":true,"href":"https:\/\/shop.moldbrotherspastry.com\/fr\/wp-json\/wp\/v2\/product_tag?post=173117"}],"curies":[{"name":"wp","href":"https:\/\/api.w.org\/{rel}","templated":true}]}}