{"id":173118,"date":"2025-06-16T11:18:26","date_gmt":"2025-06-16T09:18:26","guid":{"rendered":"https:\/\/shop.moldbrotherspastry.com\/?post_type=product&#038;p=173118"},"modified":"2025-06-16T11:18:27","modified_gmt":"2025-06-16T09:18:27","slug":"flower-dough-cutter","status":"publish","type":"product","link":"https:\/\/shop.moldbrotherspastry.com\/fr\/produit\/flower-dough-cutter\/","title":{"rendered":"Coupe-p\u00e2te \u00e0 fleurs"},"content":{"rendered":"","protected":false},"excerpt":{"rendered":"<p>Cet outil de viennoiserie en acier inoxydable de haute qualit\u00e9 coupe votre p\u00e2te \u00e0 croissant en une spirale nette, rapidement et avec pr\u00e9cision. Le r\u00e9sultat ? Une base joliment torsad\u00e9e, parfaite pour votre prochain croissant. Il est \u00e9galement polyvalent et offre de nombreuses options cr\u00e9atives. Pensez aux croissants en forme de fleur et autres.<\/p>\n<p>Curieux de le voir en action ? [Cliquez ici]<\/p>","protected":false},"featured_media":173079,"template":"","meta":{"_seopress_robots_primary_cat":"none","_seopress_titles_title":"","_seopress_titles_desc":"","_seopress_robots_index":""},"product_brand":[],"product_cat":[884,231],"product_tag":[],"class_list":{"0":"post-173118","1":"product","2":"type-product","3":"status-publish","4":"has-post-thumbnail","6":"product_cat-cutters","7":"product_cat-hidden","9":"first","10":"instock","11":"taxable","12":"shipping-taxable","13":"purchasable","14":"product-type-simple"},"_links":{"self":[{"href":"https:\/\/shop.moldbrotherspastry.com\/fr\/wp-json\/wp\/v2\/product\/173118","targetHints":{"allow":["GET"]}}],"collection":[{"href":"https:\/\/shop.moldbrotherspastry.com\/fr\/wp-json\/wp\/v2\/product"}],"about":[{"href":"https:\/\/shop.moldbrotherspastry.com\/fr\/wp-json\/wp\/v2\/types\/product"}],"wp:featuredmedia":[{"embeddable":true,"href":"https:\/\/shop.moldbrotherspastry.com\/fr\/wp-json\/wp\/v2\/media\/173079"}],"wp:attachment":[{"href":"https:\/\/shop.moldbrotherspastry.com\/fr\/wp-json\/wp\/v2\/media?parent=173118"}],"wp:term":[{"taxonomy":"product_brand","embeddable":true,"href":"https:\/\/shop.moldbrotherspastry.com\/fr\/wp-json\/wp\/v2\/product_brand?post=173118"},{"taxonomy":"product_cat","embeddable":true,"href":"https:\/\/shop.moldbrotherspastry.com\/fr\/wp-json\/wp\/v2\/product_cat?post=173118"},{"taxonomy":"product_tag","embeddable":true,"href":"https:\/\/shop.moldbrotherspastry.com\/fr\/wp-json\/wp\/v2\/product_tag?post=173118"}],"curies":[{"name":"wp","href":"https:\/\/api.w.org\/{rel}","templated":true}]}}