{"id":174628,"date":"2025-07-22T11:37:22","date_gmt":"2025-07-22T09:37:22","guid":{"rendered":"https:\/\/shop.moldbrotherspastry.com\/?post_type=product&#038;p=174628"},"modified":"2025-07-22T12:26:18","modified_gmt":"2025-07-22T10:26:18","slug":"pillow-cake-mold","status":"publish","type":"product","link":"https:\/\/shop.moldbrotherspastry.com\/fr\/produit\/pillow-cake-mold\/","title":{"rendered":"Pillow Cake Mold"},"content":{"rendered":"","protected":false},"excerpt":{"rendered":"<p>Ce moule en silicone de haute qualit\u00e9 est parfait pour pr\u00e9parer un g\u00e2teau en huit portions, en forme de \"coussin\" nervur\u00e9. Fabriqu\u00e9 en silicone alimentaire 100%, il peut \u00eatre utilis\u00e9 au four et au r\u00e9frig\u00e9rateur \u00e0 air puls\u00e9, \u00e0 des temp\u00e9ratures allant de -40\u00b0C \u00e0 +200\u00b0C.<\/p>","protected":false},"featured_media":172741,"template":"","meta":{"_seopress_robots_primary_cat":"none","_seopress_titles_title":"","_seopress_titles_desc":"","_seopress_robots_index":"yes"},"product_brand":[],"product_cat":[170],"product_tag":[],"class_list":{"0":"post-174628","1":"product","2":"type-product","3":"status-publish","4":"has-post-thumbnail","6":"product_cat-cakes","8":"first","9":"instock","10":"sale","11":"taxable","12":"shipping-taxable","13":"product-type-grouped"},"_links":{"self":[{"href":"https:\/\/shop.moldbrotherspastry.com\/fr\/wp-json\/wp\/v2\/product\/174628","targetHints":{"allow":["GET"]}}],"collection":[{"href":"https:\/\/shop.moldbrotherspastry.com\/fr\/wp-json\/wp\/v2\/product"}],"about":[{"href":"https:\/\/shop.moldbrotherspastry.com\/fr\/wp-json\/wp\/v2\/types\/product"}],"wp:featuredmedia":[{"embeddable":true,"href":"https:\/\/shop.moldbrotherspastry.com\/fr\/wp-json\/wp\/v2\/media\/172741"}],"wp:attachment":[{"href":"https:\/\/shop.moldbrotherspastry.com\/fr\/wp-json\/wp\/v2\/media?parent=174628"}],"wp:term":[{"taxonomy":"product_brand","embeddable":true,"href":"https:\/\/shop.moldbrotherspastry.com\/fr\/wp-json\/wp\/v2\/product_brand?post=174628"},{"taxonomy":"product_cat","embeddable":true,"href":"https:\/\/shop.moldbrotherspastry.com\/fr\/wp-json\/wp\/v2\/product_cat?post=174628"},{"taxonomy":"product_tag","embeddable":true,"href":"https:\/\/shop.moldbrotherspastry.com\/fr\/wp-json\/wp\/v2\/product_tag?post=174628"}],"curies":[{"name":"wp","href":"https:\/\/api.w.org\/{rel}","templated":true}]}}