{"id":181291,"date":"2024-11-26T10:19:00","date_gmt":"2024-11-26T09:19:00","guid":{"rendered":"https:\/\/shop.moldbrotherspastry.com\/?post_type=product&#038;p=181291"},"modified":"2026-01-26T13:45:44","modified_gmt":"2026-01-26T12:45:44","slug":"abstract-tree-buche-mold","status":"publish","type":"product","link":"https:\/\/shop.moldbrotherspastry.com\/fr\/produit\/abstract-tree-buche-mold\/","title":{"rendered":"B\u00fbche abstraite Mold"},"content":{"rendered":"","protected":false},"excerpt":{"rendered":"<p>Moule \u00e0 B\u00fbche de No\u00ebl en silicone de haute qualit\u00e9 en forme d'\u00e9corce d'arbre abstraite et lisse. Le moule comporte une seule cavit\u00e9 et est fabriqu\u00e9 en silicone 100 % alimentaire.<\/p>\n<p>Il r\u00e9siste \u00e0 des temp\u00e9ratures allant de moins 40\u00b0C \u00e0 plus 200\u00b0C, ce qui le rend adapt\u00e9 aux cong\u00e9lateurs-chocs et aux fours.<\/p>","protected":false},"featured_media":181294,"template":"","meta":{"_seopress_robots_primary_cat":"none","_seopress_titles_title":"","_seopress_titles_desc":"","_seopress_robots_index":""},"product_brand":[],"product_cat":[192],"product_tag":[],"class_list":{"0":"post-181291","1":"product","2":"type-product","3":"status-publish","4":"has-post-thumbnail","6":"product_cat-buche","8":"first","9":"instock","10":"taxable","11":"shipping-taxable","12":"purchasable","13":"product-type-simple"},"_links":{"self":[{"href":"https:\/\/shop.moldbrotherspastry.com\/fr\/wp-json\/wp\/v2\/product\/181291","targetHints":{"allow":["GET"]}}],"collection":[{"href":"https:\/\/shop.moldbrotherspastry.com\/fr\/wp-json\/wp\/v2\/product"}],"about":[{"href":"https:\/\/shop.moldbrotherspastry.com\/fr\/wp-json\/wp\/v2\/types\/product"}],"wp:featuredmedia":[{"embeddable":true,"href":"https:\/\/shop.moldbrotherspastry.com\/fr\/wp-json\/wp\/v2\/media\/181294"}],"wp:attachment":[{"href":"https:\/\/shop.moldbrotherspastry.com\/fr\/wp-json\/wp\/v2\/media?parent=181291"}],"wp:term":[{"taxonomy":"product_brand","embeddable":true,"href":"https:\/\/shop.moldbrotherspastry.com\/fr\/wp-json\/wp\/v2\/product_brand?post=181291"},{"taxonomy":"product_cat","embeddable":true,"href":"https:\/\/shop.moldbrotherspastry.com\/fr\/wp-json\/wp\/v2\/product_cat?post=181291"},{"taxonomy":"product_tag","embeddable":true,"href":"https:\/\/shop.moldbrotherspastry.com\/fr\/wp-json\/wp\/v2\/product_tag?post=181291"}],"curies":[{"name":"wp","href":"https:\/\/api.w.org\/{rel}","templated":true}]}}