{"id":186019,"date":"2026-02-02T16:37:44","date_gmt":"2026-02-02T15:37:44","guid":{"rendered":"https:\/\/shop.moldbrotherspastry.com\/?post_type=product&#038;p=186019"},"modified":"2026-02-18T16:33:07","modified_gmt":"2026-02-18T15:33:07","slug":"piped-sphere-singular-mold","status":"publish","type":"product","link":"https:\/\/shop.moldbrotherspastry.com\/fr\/produit\/piped-sphere-singular-mold\/","title":{"rendered":"Piped Sphere Singular Mold"},"content":{"rendered":"","protected":false},"excerpt":{"rendered":"<p>Ce moule en silicone de haute qualit\u00e9 est parfait pour pr\u00e9parer des p\u00e2tisseries en portions individuelles, en forme de \u2018sph\u00e8re pip\u00e9e\u2019. Fabriqu\u00e9 en silicone alimentaire 100%, il peut \u00eatre utilis\u00e9 au four et au r\u00e9frig\u00e9rateur \u00e0 air puls\u00e9, \u00e0 des temp\u00e9ratures allant de -40\u00b0C \u00e0 +200\u00b0C.<\/p>","protected":false},"featured_media":186022,"template":"","meta":{"_seopress_robots_primary_cat":"","_seopress_titles_title":"","_seopress_titles_desc":"","_seopress_robots_index":""},"product_brand":[],"product_cat":[159],"product_tag":[],"class_list":{"0":"post-186019","1":"product","2":"type-product","3":"status-publish","4":"has-post-thumbnail","6":"product_cat-singulars","8":"first","9":"instock","10":"taxable","11":"shipping-taxable","12":"purchasable","13":"product-type-simple"},"_links":{"self":[{"href":"https:\/\/shop.moldbrotherspastry.com\/fr\/wp-json\/wp\/v2\/product\/186019","targetHints":{"allow":["GET"]}}],"collection":[{"href":"https:\/\/shop.moldbrotherspastry.com\/fr\/wp-json\/wp\/v2\/product"}],"about":[{"href":"https:\/\/shop.moldbrotherspastry.com\/fr\/wp-json\/wp\/v2\/types\/product"}],"wp:featuredmedia":[{"embeddable":true,"href":"https:\/\/shop.moldbrotherspastry.com\/fr\/wp-json\/wp\/v2\/media\/186022"}],"wp:attachment":[{"href":"https:\/\/shop.moldbrotherspastry.com\/fr\/wp-json\/wp\/v2\/media?parent=186019"}],"wp:term":[{"taxonomy":"product_brand","embeddable":true,"href":"https:\/\/shop.moldbrotherspastry.com\/fr\/wp-json\/wp\/v2\/product_brand?post=186019"},{"taxonomy":"product_cat","embeddable":true,"href":"https:\/\/shop.moldbrotherspastry.com\/fr\/wp-json\/wp\/v2\/product_cat?post=186019"},{"taxonomy":"product_tag","embeddable":true,"href":"https:\/\/shop.moldbrotherspastry.com\/fr\/wp-json\/wp\/v2\/product_tag?post=186019"}],"curies":[{"name":"wp","href":"https:\/\/api.w.org\/{rel}","templated":true}]}}