{"id":188980,"date":"2026-03-18T10:24:40","date_gmt":"2026-03-18T09:24:40","guid":{"rendered":"https:\/\/shop.moldbrotherspastry.com\/?post_type=product&#038;p=188980"},"modified":"2026-03-18T11:45:18","modified_gmt":"2026-03-18T10:45:18","slug":"layer-frames-large","status":"publish","type":"product","link":"https:\/\/shop.moldbrotherspastry.com\/fr\/produit\/layer-frames-large\/","title":{"rendered":"Layer Frames Large"},"content":{"rendered":"","protected":false},"excerpt":{"rendered":"<p>Un kit de cadres solide et de haute qualit\u00e9 con\u00e7u pour les cr\u00e9ations en couches telles que le beurre, la ganache, le marbr\u00e9, la p\u00e2te de fruit et bien d'autres. Vous commencez par la base, puis vous ajoutez un ou plusieurs cadres pour cr\u00e9er des couches nettes et r\u00e9guli\u00e8res. Facile \u00e0 utiliser et esth\u00e9tique, ce kit est parfait pour tous ceux qui veulent que leur travail ait un go\u00fbt et un aspect irr\u00e9prochables.<\/p>","protected":false},"featured_media":188971,"template":"","meta":{"_seopress_robots_primary_cat":"none","_seopress_titles_title":"","_seopress_titles_desc":"","_seopress_robots_index":""},"product_brand":[],"product_cat":[880],"product_tag":[],"class_list":{"0":"post-188980","1":"product","2":"type-product","3":"status-publish","4":"has-post-thumbnail","6":"product_cat-tools","8":"first","9":"instock","10":"sale","11":"taxable","12":"shipping-taxable","13":"product-type-grouped"},"_links":{"self":[{"href":"https:\/\/shop.moldbrotherspastry.com\/fr\/wp-json\/wp\/v2\/product\/188980","targetHints":{"allow":["GET"]}}],"collection":[{"href":"https:\/\/shop.moldbrotherspastry.com\/fr\/wp-json\/wp\/v2\/product"}],"about":[{"href":"https:\/\/shop.moldbrotherspastry.com\/fr\/wp-json\/wp\/v2\/types\/product"}],"wp:featuredmedia":[{"embeddable":true,"href":"https:\/\/shop.moldbrotherspastry.com\/fr\/wp-json\/wp\/v2\/media\/188971"}],"wp:attachment":[{"href":"https:\/\/shop.moldbrotherspastry.com\/fr\/wp-json\/wp\/v2\/media?parent=188980"}],"wp:term":[{"taxonomy":"product_brand","embeddable":true,"href":"https:\/\/shop.moldbrotherspastry.com\/fr\/wp-json\/wp\/v2\/product_brand?post=188980"},{"taxonomy":"product_cat","embeddable":true,"href":"https:\/\/shop.moldbrotherspastry.com\/fr\/wp-json\/wp\/v2\/product_cat?post=188980"},{"taxonomy":"product_tag","embeddable":true,"href":"https:\/\/shop.moldbrotherspastry.com\/fr\/wp-json\/wp\/v2\/product_tag?post=188980"}],"curies":[{"name":"wp","href":"https:\/\/api.w.org\/{rel}","templated":true}]}}