{"id":163164,"date":"2024-10-17T18:58:06","date_gmt":"2024-10-17T16:58:06","guid":{"rendered":"https:\/\/shop.moldbrotherspastry.com\/?post_type=product&#038;p=163164"},"modified":"2024-10-18T08:48:55","modified_gmt":"2024-10-18T06:48:55","slug":"spiral-topper-molds-full-tray-6-pc","status":"publish","type":"product","link":"https:\/\/shop.moldbrotherspastry.com\/it\/prodotto\/spiral-topper-molds-full-tray-6-pc\/","title":{"rendered":"Topper a spirale - Vassoio completo (6 pezzi)"},"content":{"rendered":"","protected":false},"excerpt":{"rendered":"<p>Questo stampo in silicone di alta qualit\u00e0 \u00e8 perfetto per la guarnizione della torta, a forma di spirale. Realizzato in silicone alimentare 100%, \u00e8 sicuro sia per il forno che per l'abbattitore di temperatura e pu\u00f2 sopportare temperature da -40\u00b0C a +200\u00b0C.<\/p>","protected":false},"featured_media":162918,"template":"","meta":{"_seopress_robots_primary_cat":"none","_seopress_titles_title":"","_seopress_titles_desc":"","_seopress_robots_index":"yes"},"product_brand":[],"product_cat":[362,231],"product_tag":[],"class_list":{"0":"post-163164","1":"product","2":"type-product","3":"status-publish","4":"has-post-thumbnail","6":"product_cat-cake-toppers","7":"product_cat-hidden","9":"first","10":"instock","11":"sale","12":"taxable","13":"shipping-taxable","14":"purchasable","15":"product-type-simple"},"_links":{"self":[{"href":"https:\/\/shop.moldbrotherspastry.com\/it\/wp-json\/wp\/v2\/product\/163164","targetHints":{"allow":["GET"]}}],"collection":[{"href":"https:\/\/shop.moldbrotherspastry.com\/it\/wp-json\/wp\/v2\/product"}],"about":[{"href":"https:\/\/shop.moldbrotherspastry.com\/it\/wp-json\/wp\/v2\/types\/product"}],"wp:featuredmedia":[{"embeddable":true,"href":"https:\/\/shop.moldbrotherspastry.com\/it\/wp-json\/wp\/v2\/media\/162918"}],"wp:attachment":[{"href":"https:\/\/shop.moldbrotherspastry.com\/it\/wp-json\/wp\/v2\/media?parent=163164"}],"wp:term":[{"taxonomy":"product_brand","embeddable":true,"href":"https:\/\/shop.moldbrotherspastry.com\/it\/wp-json\/wp\/v2\/product_brand?post=163164"},{"taxonomy":"product_cat","embeddable":true,"href":"https:\/\/shop.moldbrotherspastry.com\/it\/wp-json\/wp\/v2\/product_cat?post=163164"},{"taxonomy":"product_tag","embeddable":true,"href":"https:\/\/shop.moldbrotherspastry.com\/it\/wp-json\/wp\/v2\/product_tag?post=163164"}],"curies":[{"name":"wp","href":"https:\/\/api.w.org\/{rel}","templated":true}]}}