{"id":172843,"date":"2025-06-09T11:00:00","date_gmt":"2025-06-09T09:00:00","guid":{"rendered":"https:\/\/shop.moldbrotherspastry.com\/?post_type=product&#038;p=172843"},"modified":"2025-11-28T06:39:06","modified_gmt":"2025-11-28T05:39:06","slug":"tourbelle-singular-mold","status":"publish","type":"product","link":"https:\/\/shop.moldbrotherspastry.com\/it\/prodotto\/tourbelle-singular-mold\/","title":{"rendered":"Tourbelle Singular Mold"},"content":{"rendered":"","protected":false},"excerpt":{"rendered":"<p>Questo stampo in silicone di alta qualit\u00e0 \u00e8 perfetto per preparare dolci monoporzione, a forma di fiore attorcigliato. Realizzato in silicone alimentare 100%, \u00e8 sicuro sia per il forno che per l'abbattitore di temperatura, in grado di gestire temperature da -40\u00b0C a +200\u00b0C.<\/p>","protected":false},"featured_media":172737,"template":"","meta":{"_seopress_robots_primary_cat":"none","_seopress_titles_title":"","_seopress_titles_desc":"","_seopress_robots_index":""},"product_brand":[],"product_cat":[159],"product_tag":[],"class_list":{"0":"post-172843","1":"product","2":"type-product","3":"status-publish","4":"has-post-thumbnail","6":"product_cat-singulars","8":"first","9":"instock","10":"sale","11":"taxable","12":"shipping-taxable","13":"product-type-grouped"},"_links":{"self":[{"href":"https:\/\/shop.moldbrotherspastry.com\/it\/wp-json\/wp\/v2\/product\/172843","targetHints":{"allow":["GET"]}}],"collection":[{"href":"https:\/\/shop.moldbrotherspastry.com\/it\/wp-json\/wp\/v2\/product"}],"about":[{"href":"https:\/\/shop.moldbrotherspastry.com\/it\/wp-json\/wp\/v2\/types\/product"}],"wp:featuredmedia":[{"embeddable":true,"href":"https:\/\/shop.moldbrotherspastry.com\/it\/wp-json\/wp\/v2\/media\/172737"}],"wp:attachment":[{"href":"https:\/\/shop.moldbrotherspastry.com\/it\/wp-json\/wp\/v2\/media?parent=172843"}],"wp:term":[{"taxonomy":"product_brand","embeddable":true,"href":"https:\/\/shop.moldbrotherspastry.com\/it\/wp-json\/wp\/v2\/product_brand?post=172843"},{"taxonomy":"product_cat","embeddable":true,"href":"https:\/\/shop.moldbrotherspastry.com\/it\/wp-json\/wp\/v2\/product_cat?post=172843"},{"taxonomy":"product_tag","embeddable":true,"href":"https:\/\/shop.moldbrotherspastry.com\/it\/wp-json\/wp\/v2\/product_tag?post=172843"}],"curies":[{"name":"wp","href":"https:\/\/api.w.org\/{rel}","templated":true}]}}