{"id":174286,"date":"2025-07-14T13:37:15","date_gmt":"2025-07-14T11:37:15","guid":{"rendered":"https:\/\/shop.moldbrotherspastry.com\/?post_type=product&#038;p=174286"},"modified":"2025-11-30T14:13:06","modified_gmt":"2025-11-30T13:13:06","slug":"honore-press-molds","status":"publish","type":"product","link":"https:\/\/shop.moldbrotherspastry.com\/it\/prodotto\/honore-press-molds\/","title":{"rendered":"Honor\u00e9 Pressing Molds"},"content":{"rendered":"","protected":false},"excerpt":{"rendered":"<p>Pressa in silicone di alta qualit\u00e0 a forma di onda. Con questa pressa Honor\u00e9 Mold, \u00e8 possibile cuocere la pasta sfoglia nel mezzo, utilizzando la pressa come forma interna per creare una cavit\u00e0, pronta per essere riempita.<\/p>\n<p>Questo stampo \u00e8 in grado di resistere a temperature comprese tra -40\u00b0C e +200\u00b0C, il che lo rende adatto all'uso sia in congelatori (d'urto) che in forni.<\/p>\n<p>Siete curiosi di vederlo in azione? <a href=\"https:\/\/www.instagram.com\/p\/DL97RBcolwc\/\">[Clicca qui]<\/a><\/p>","protected":false},"featured_media":174289,"template":"","meta":{"_seopress_robots_primary_cat":"none","_seopress_titles_title":"","_seopress_titles_desc":"","_seopress_robots_index":""},"product_brand":[],"product_cat":[888,456,184],"product_tag":[],"class_list":{"0":"post-174286","1":"product","2":"type-product","3":"status-publish","4":"has-post-thumbnail","6":"product_cat-viennoiserie-tools","7":"product_cat-highlights","8":"product_cat-highlighted-products","10":"first","11":"instock","12":"taxable","13":"shipping-taxable","14":"product-type-grouped"},"_links":{"self":[{"href":"https:\/\/shop.moldbrotherspastry.com\/it\/wp-json\/wp\/v2\/product\/174286","targetHints":{"allow":["GET"]}}],"collection":[{"href":"https:\/\/shop.moldbrotherspastry.com\/it\/wp-json\/wp\/v2\/product"}],"about":[{"href":"https:\/\/shop.moldbrotherspastry.com\/it\/wp-json\/wp\/v2\/types\/product"}],"wp:featuredmedia":[{"embeddable":true,"href":"https:\/\/shop.moldbrotherspastry.com\/it\/wp-json\/wp\/v2\/media\/174289"}],"wp:attachment":[{"href":"https:\/\/shop.moldbrotherspastry.com\/it\/wp-json\/wp\/v2\/media?parent=174286"}],"wp:term":[{"taxonomy":"product_brand","embeddable":true,"href":"https:\/\/shop.moldbrotherspastry.com\/it\/wp-json\/wp\/v2\/product_brand?post=174286"},{"taxonomy":"product_cat","embeddable":true,"href":"https:\/\/shop.moldbrotherspastry.com\/it\/wp-json\/wp\/v2\/product_cat?post=174286"},{"taxonomy":"product_tag","embeddable":true,"href":"https:\/\/shop.moldbrotherspastry.com\/it\/wp-json\/wp\/v2\/product_tag?post=174286"}],"curies":[{"name":"wp","href":"https:\/\/api.w.org\/{rel}","templated":true}]}}