{"id":176301,"date":"2025-09-22T12:58:00","date_gmt":"2025-09-22T10:58:00","guid":{"rendered":"https:\/\/shop.moldbrotherspastry.com\/?post_type=product&#038;p=176301"},"modified":"2026-02-26T08:02:41","modified_gmt":"2026-02-26T07:02:41","slug":"realistic-truffle-molds","status":"publish","type":"product","link":"https:\/\/shop.moldbrotherspastry.com\/it\/prodotto\/realistic-truffle-molds\/","title":{"rendered":"Tartufo realistico Molds"},"content":{"rendered":"","protected":false},"excerpt":{"rendered":"<p>Uno stampo per pasticceria in silicone di alta qualit\u00e0 e ultra-realistico a forma di vero Tartufo Nero. Lo stampo presenta un'unica cavit\u00e0 ed \u00e8 realizzato in silicone alimentare 100%. Pu\u00f2 resistere a temperature comprese tra -40\u00b0C e +200\u00b0C, il che lo rende adatto all'uso sia in freezer che in forno.<\/p>","protected":false},"featured_media":176388,"template":"","meta":{"_seopress_robots_primary_cat":"none","_seopress_titles_title":"Realistic Truffle Silicone Pastry Mold | MoldBrothers Pastry","_seopress_titles_desc":"Realistic Truffle Silicone Pastry Mold for high-end pastry. High quality food-grade silicone mold designed to create ultra-realistic truffle entremets.","_seopress_robots_index":""},"product_brand":[],"product_cat":[228],"product_tag":[],"class_list":{"0":"post-176301","1":"product","2":"type-product","3":"status-publish","4":"has-post-thumbnail","6":"product_cat-realistics","8":"first","9":"instock","10":"sale","11":"taxable","12":"shipping-taxable","13":"product-type-grouped"},"_links":{"self":[{"href":"https:\/\/shop.moldbrotherspastry.com\/it\/wp-json\/wp\/v2\/product\/176301","targetHints":{"allow":["GET"]}}],"collection":[{"href":"https:\/\/shop.moldbrotherspastry.com\/it\/wp-json\/wp\/v2\/product"}],"about":[{"href":"https:\/\/shop.moldbrotherspastry.com\/it\/wp-json\/wp\/v2\/types\/product"}],"wp:featuredmedia":[{"embeddable":true,"href":"https:\/\/shop.moldbrotherspastry.com\/it\/wp-json\/wp\/v2\/media\/176388"}],"wp:attachment":[{"href":"https:\/\/shop.moldbrotherspastry.com\/it\/wp-json\/wp\/v2\/media?parent=176301"}],"wp:term":[{"taxonomy":"product_brand","embeddable":true,"href":"https:\/\/shop.moldbrotherspastry.com\/it\/wp-json\/wp\/v2\/product_brand?post=176301"},{"taxonomy":"product_cat","embeddable":true,"href":"https:\/\/shop.moldbrotherspastry.com\/it\/wp-json\/wp\/v2\/product_cat?post=176301"},{"taxonomy":"product_tag","embeddable":true,"href":"https:\/\/shop.moldbrotherspastry.com\/it\/wp-json\/wp\/v2\/product_tag?post=176301"}],"curies":[{"name":"wp","href":"https:\/\/api.w.org\/{rel}","templated":true}]}}