{"id":188980,"date":"2026-03-18T10:24:40","date_gmt":"2026-03-18T09:24:40","guid":{"rendered":"https:\/\/shop.moldbrotherspastry.com\/?post_type=product&#038;p=188980"},"modified":"2026-03-18T11:45:18","modified_gmt":"2026-03-18T10:45:18","slug":"layer-frames-large","status":"publish","type":"product","link":"https:\/\/shop.moldbrotherspastry.com\/it\/prodotto\/layer-frames-large\/","title":{"rendered":"Layer Frames Large"},"content":{"rendered":"","protected":false},"excerpt":{"rendered":"<p>Un kit di cornici solido e di alta qualit\u00e0 per creazioni a strati come burro, ganache, marbr\u00e9, p\u00e2te de fruit e altro ancora. Si inizia con la base, poi si aggiungono una o pi\u00f9 cornici per creare strati ordinati e uniformi. \u00c8 facile da usare e ha un ottimo aspetto, il che lo rende perfetto per tutti coloro che vogliono che il loro lavoro abbia un sapore e un aspetto di prim'ordine.<\/p>","protected":false},"featured_media":188971,"template":"","meta":{"_seopress_robots_primary_cat":"none","_seopress_titles_title":"","_seopress_titles_desc":"","_seopress_robots_index":""},"product_brand":[],"product_cat":[880],"product_tag":[],"class_list":{"0":"post-188980","1":"product","2":"type-product","3":"status-publish","4":"has-post-thumbnail","6":"product_cat-tools","8":"first","9":"instock","10":"sale","11":"taxable","12":"shipping-taxable","13":"product-type-grouped"},"_links":{"self":[{"href":"https:\/\/shop.moldbrotherspastry.com\/it\/wp-json\/wp\/v2\/product\/188980","targetHints":{"allow":["GET"]}}],"collection":[{"href":"https:\/\/shop.moldbrotherspastry.com\/it\/wp-json\/wp\/v2\/product"}],"about":[{"href":"https:\/\/shop.moldbrotherspastry.com\/it\/wp-json\/wp\/v2\/types\/product"}],"wp:featuredmedia":[{"embeddable":true,"href":"https:\/\/shop.moldbrotherspastry.com\/it\/wp-json\/wp\/v2\/media\/188971"}],"wp:attachment":[{"href":"https:\/\/shop.moldbrotherspastry.com\/it\/wp-json\/wp\/v2\/media?parent=188980"}],"wp:term":[{"taxonomy":"product_brand","embeddable":true,"href":"https:\/\/shop.moldbrotherspastry.com\/it\/wp-json\/wp\/v2\/product_brand?post=188980"},{"taxonomy":"product_cat","embeddable":true,"href":"https:\/\/shop.moldbrotherspastry.com\/it\/wp-json\/wp\/v2\/product_cat?post=188980"},{"taxonomy":"product_tag","embeddable":true,"href":"https:\/\/shop.moldbrotherspastry.com\/it\/wp-json\/wp\/v2\/product_tag?post=188980"}],"curies":[{"name":"wp","href":"https:\/\/api.w.org\/{rel}","templated":true}]}}