{"id":190032,"date":"2026-04-03T11:51:38","date_gmt":"2026-04-03T09:51:38","guid":{"rendered":"https:\/\/shop.moldbrotherspastry.com\/?post_type=product&#038;p=190032"},"modified":"2026-04-09T11:52:02","modified_gmt":"2026-04-09T09:52:02","slug":"realistic-rose-topper-mold-1pc","status":"publish","type":"product","link":"https:\/\/shop.moldbrotherspastry.com\/it\/prodotto\/realistic-rose-topper-mold-1pc\/","title":{"rendered":"Realistic Rose Topper Mold (1pc)"},"content":{"rendered":"","protected":false},"excerpt":{"rendered":"<p>Uno stampo in silicone di alta qualit\u00e0 a forma di parte superiore di rosa. Lo stampo presenta un'unica cavit\u00e0 ed \u00e8 realizzato in silicone alimentare 100%.<\/p>\n<p>Questo stampo \u00e8 in grado di resistere a temperature comprese tra -40\u00b0C e +200\u00b0C, il che lo rende adatto all'uso sia in congelatori (d'urto) che in forni.<\/p>","protected":false},"featured_media":190034,"template":"","meta":{"_seopress_robots_primary_cat":"none","_seopress_titles_title":"Realistic Rose Topper Mold | Single or Tray | MoldBrothers Pastry","_seopress_titles_desc":"Piping a Rose topper pastry can be a challenge because it doesn\u2019t always turn out perfectly. Choose the Full Tray option, to make six toppers at once.","_seopress_robots_index":"yes"},"product_brand":[],"product_cat":[362],"product_tag":[],"class_list":{"0":"post-190032","1":"product","2":"type-product","3":"status-publish","4":"has-post-thumbnail","6":"product_cat-cake-toppers","8":"first","9":"instock","10":"taxable","11":"shipping-taxable","12":"purchasable","13":"product-type-simple"},"_links":{"self":[{"href":"https:\/\/shop.moldbrotherspastry.com\/it\/wp-json\/wp\/v2\/product\/190032","targetHints":{"allow":["GET"]}}],"collection":[{"href":"https:\/\/shop.moldbrotherspastry.com\/it\/wp-json\/wp\/v2\/product"}],"about":[{"href":"https:\/\/shop.moldbrotherspastry.com\/it\/wp-json\/wp\/v2\/types\/product"}],"wp:featuredmedia":[{"embeddable":true,"href":"https:\/\/shop.moldbrotherspastry.com\/it\/wp-json\/wp\/v2\/media\/190034"}],"wp:attachment":[{"href":"https:\/\/shop.moldbrotherspastry.com\/it\/wp-json\/wp\/v2\/media?parent=190032"}],"wp:term":[{"taxonomy":"product_brand","embeddable":true,"href":"https:\/\/shop.moldbrotherspastry.com\/it\/wp-json\/wp\/v2\/product_brand?post=190032"},{"taxonomy":"product_cat","embeddable":true,"href":"https:\/\/shop.moldbrotherspastry.com\/it\/wp-json\/wp\/v2\/product_cat?post=190032"},{"taxonomy":"product_tag","embeddable":true,"href":"https:\/\/shop.moldbrotherspastry.com\/it\/wp-json\/wp\/v2\/product_tag?post=190032"}],"curies":[{"name":"wp","href":"https:\/\/api.w.org\/{rel}","templated":true}]}}