{"id":163094,"date":"2024-10-17T14:28:16","date_gmt":"2024-10-17T12:28:16","guid":{"rendered":"https:\/\/shop.moldbrotherspastry.com\/?post_type=product&#038;p=163094"},"modified":"2025-04-24T10:50:04","modified_gmt":"2025-04-24T08:50:04","slug":"piped-star-topper-molds","status":"publish","type":"product","link":"https:\/\/shop.moldbrotherspastry.com\/nl\/product\/piped-star-topper-molds\/","title":{"rendered":"Topper met ster Molds"},"content":{"rendered":"","protected":false},"excerpt":{"rendered":"<p>Deze siliconen mal van hoge kwaliteit is perfect voor het maken van een gebaktopper in \u00e9\u00e9n portie, in de vorm van een gespoten ster - met de Honor\u00e9-tip. Hij is gemaakt van 100% voedingskwaliteit silicone en is veilig voor zowel de oven als de blast chiller, en kan temperaturen aan van -40\u00b0C tot +200\u00b0C.<\/p>","protected":false},"featured_media":162855,"template":"","meta":{"_seopress_robots_primary_cat":"none","_seopress_titles_title":"","_seopress_titles_desc":"","_seopress_robots_index":""},"product_brand":[],"product_cat":[202],"product_tag":[],"class_list":{"0":"post-163094","1":"product","2":"type-product","3":"status-publish","4":"has-post-thumbnail","6":"product_cat-tops-bottoms","8":"first","9":"instock","10":"sale","11":"taxable","12":"shipping-taxable","13":"product-type-grouped"},"_links":{"self":[{"href":"https:\/\/shop.moldbrotherspastry.com\/nl\/wp-json\/wp\/v2\/product\/163094","targetHints":{"allow":["GET"]}}],"collection":[{"href":"https:\/\/shop.moldbrotherspastry.com\/nl\/wp-json\/wp\/v2\/product"}],"about":[{"href":"https:\/\/shop.moldbrotherspastry.com\/nl\/wp-json\/wp\/v2\/types\/product"}],"wp:featuredmedia":[{"embeddable":true,"href":"https:\/\/shop.moldbrotherspastry.com\/nl\/wp-json\/wp\/v2\/media\/162855"}],"wp:attachment":[{"href":"https:\/\/shop.moldbrotherspastry.com\/nl\/wp-json\/wp\/v2\/media?parent=163094"}],"wp:term":[{"taxonomy":"product_brand","embeddable":true,"href":"https:\/\/shop.moldbrotherspastry.com\/nl\/wp-json\/wp\/v2\/product_brand?post=163094"},{"taxonomy":"product_cat","embeddable":true,"href":"https:\/\/shop.moldbrotherspastry.com\/nl\/wp-json\/wp\/v2\/product_cat?post=163094"},{"taxonomy":"product_tag","embeddable":true,"href":"https:\/\/shop.moldbrotherspastry.com\/nl\/wp-json\/wp\/v2\/product_tag?post=163094"}],"curies":[{"name":"wp","href":"https:\/\/api.w.org\/{rel}","templated":true}]}}