{"id":181291,"date":"2024-11-26T10:19:00","date_gmt":"2024-11-26T09:19:00","guid":{"rendered":"https:\/\/shop.moldbrotherspastry.com\/?post_type=product&#038;p=181291"},"modified":"2026-01-26T13:45:44","modified_gmt":"2026-01-26T12:45:44","slug":"abstract-tree-buche-mold","status":"publish","type":"product","link":"https:\/\/shop.moldbrotherspastry.com\/nl\/product\/abstract-tree-buche-mold\/","title":{"rendered":"Abstracte boom B\u00fbche Mold"},"content":{"rendered":"","protected":false},"excerpt":{"rendered":"<p>Een siliconen B\u00fbche de No\u00ebl vorm van hoge kwaliteit in de vorm van abstracte, gladde boomschors. De mal heeft \u00e9\u00e9n holte en is gemaakt van 100% voedselveilig siliconen.<\/p>\n<p>Hij is bestand tegen temperaturen van min 40\u00b0C tot plus 200\u00b0C, waardoor hij geschikt is voor zowel schokvriezers als ovens.<\/p>","protected":false},"featured_media":181294,"template":"","meta":{"_seopress_robots_primary_cat":"none","_seopress_titles_title":"","_seopress_titles_desc":"","_seopress_robots_index":""},"product_brand":[],"product_cat":[192],"product_tag":[],"class_list":{"0":"post-181291","1":"product","2":"type-product","3":"status-publish","4":"has-post-thumbnail","6":"product_cat-buche","8":"first","9":"instock","10":"taxable","11":"shipping-taxable","12":"purchasable","13":"product-type-simple"},"_links":{"self":[{"href":"https:\/\/shop.moldbrotherspastry.com\/nl\/wp-json\/wp\/v2\/product\/181291","targetHints":{"allow":["GET"]}}],"collection":[{"href":"https:\/\/shop.moldbrotherspastry.com\/nl\/wp-json\/wp\/v2\/product"}],"about":[{"href":"https:\/\/shop.moldbrotherspastry.com\/nl\/wp-json\/wp\/v2\/types\/product"}],"wp:featuredmedia":[{"embeddable":true,"href":"https:\/\/shop.moldbrotherspastry.com\/nl\/wp-json\/wp\/v2\/media\/181294"}],"wp:attachment":[{"href":"https:\/\/shop.moldbrotherspastry.com\/nl\/wp-json\/wp\/v2\/media?parent=181291"}],"wp:term":[{"taxonomy":"product_brand","embeddable":true,"href":"https:\/\/shop.moldbrotherspastry.com\/nl\/wp-json\/wp\/v2\/product_brand?post=181291"},{"taxonomy":"product_cat","embeddable":true,"href":"https:\/\/shop.moldbrotherspastry.com\/nl\/wp-json\/wp\/v2\/product_cat?post=181291"},{"taxonomy":"product_tag","embeddable":true,"href":"https:\/\/shop.moldbrotherspastry.com\/nl\/wp-json\/wp\/v2\/product_tag?post=181291"}],"curies":[{"name":"wp","href":"https:\/\/api.w.org\/{rel}","templated":true}]}}